{"id":166,"date":"2021-04-30T21:37:52","date_gmt":"2021-04-30T19:37:52","guid":{"rendered":"https:\/\/www.schule-bewusstsein.com\/Wordpress\/?page_id=166"},"modified":"2021-04-30T21:41:07","modified_gmt":"2021-04-30T19:41:07","slug":"impressum","status":"publish","type":"page","link":"https:\/\/www.schule-bewusstsein.com\/Wordpress\/impressum\/","title":{"rendered":"Impressum"},"content":{"rendered":"\n<p>Impressum<\/p>\n\n\n\n<p>Impressum der Schule f\u00fcr Bewusstsein<\/p>\n\n\n\n<p><strong>Leitung:<\/strong><\/p>\n\n\n\n<p>Die Schule f\u00fcr Bewusstsein wird von Dr. Rudolf Kapellner geleitet.<\/p>\n\n\n\n<p><strong>Telefon:<\/strong><\/p>\n\n\n\n<p>+43 \u2013 664 \u2013 50 66 155.<\/p>\n\n\n\n<p><strong>Email:<\/strong><\/p>\n\n\n\n<p>\u00fcber das Kontaktformular der Webpage unter&nbsp;Kontakt.<\/p>\n\n\n\n<p><strong>Postanschrift:<\/strong><\/p>\n\n\n\n<p>Gasteigergasse 3 \/ 26, 1200 Wien, z.H. Dr. Rudolf Kapellner<\/p>\n\n\n\n<p><strong>Internet:<\/strong><\/p>\n\n\n\n<p><a href=\"http:\/\/www.schule-bewusstsein.com\/\">www.schule-bewusstsein.com<\/a><\/p>\n\n\n\n<p><strong>Veranstaltungsort:<\/strong><\/p>\n\n\n\n<p>So nicht anders angegeben, finden die Veranstaltungen der Schule in den R\u00e4umen des Seminarzentrums Bewusst Sein im Fokus, Neubaugasse 44 \/ 2. Haus \/ 2. Stock statt.<\/p>\n\n\n\n<p><strong>Rechtsform:<\/strong><\/p>\n\n\n\n<p>Die Schule f\u00fcr Bewusstsein wird rechtlich von Dr. Rudolf Kapellner gef\u00fchrt und verantwortet.<\/p>\n\n\n\n<p>Dr. Rudolf Kapellner ist eingetragener Gesundheitspsychologe<br>UID von Dr. Rudolf Kapellner:<\/p>\n\n\n\n<p><strong>Datenschutz:<\/strong><\/p>\n\n\n\n<p><strong>Bankverbindung:<\/strong><\/p>\n\n\n\n<p>HYPO-NOE, IBAN: AT32 5300 0011 5509 2242<\/p>\n\n\n\n<p><strong>F\u00fcr den Inhalt dieser Website verantwortlich:<\/strong><br>Dr. Rudolf Kapellner, Gasteigergasse 3\/26, 1200 Wien<\/p>\n\n\n\n<p><strong>Copyright-Hinweis:<\/strong><\/p>\n\n\n\n<p>Alle Inhalte dieser Website unterliegen dem Urheberrechtsschutz.<br>Copyright \u00a9 (wenn nicht anders vermerkt):&nbsp;Dr. Rudolf Kapellner<\/p>\n\n\n\n<p>Allf\u00e4llige Weiterverwendung bzw. -verbreitung (Kopieren, Vervielf\u00e4ltigung etc. im Druck oder auf Datentr\u00e4gern gleich welcher Art sowie in elektronischer Form im Internet) oder Verwertung bzw. Bearbeitung f\u00fcr andere Medien (Funk, Film, etc.) ist nur mit unserer ausdr\u00fccklichen schriftlichen Zustimmung gestattet.<\/p>\n\n\n\n<p><strong>Haftungsausschluss:<\/strong><\/p>\n\n\n\n<p>Trotz sorgf\u00e4ltiger inhaltlicher Kontrolle \u00fcbernehmen wir keine Haftung f\u00fcr die Inhalte externer Links.\u00a0 F\u00fcr den Inhalt der verlinkten Seiten sind ausschlie\u00dflich deren Betreiber verantwortlich.<br><\/p>\n\n\n\n<p><strong>Stand: 30.04.2021<\/strong><\/p>\n","protected":false},"excerpt":{"rendered":"<p>Impressum Impressum der Schule f\u00fcr Bewusstsein Leitung: Die Schule f\u00fcr Bewusstsein wird von Dr. Rudolf Kapellner geleitet. Telefon: +43 \u2013 664 \u2013 50 66 155. Email: \u00fcber das Kontaktformular der Webpage unter&nbsp;Kontakt. Postanschrift: Gasteigergasse 3 \/ 26, 1200 Wien, z.H. Dr. Rudolf Kapellner Internet: www.schule-bewusstsein.com Veranstaltungsort: So nicht anders angegeben, finden die Veranstaltungen der Schule [&hellip;]<\/p>\n","protected":false},"author":1,"featured_media":0,"parent":0,"menu_order":0,"comment_status":"closed","ping_status":"closed","template":"","meta":{"site-sidebar-layout":"default","site-content-layout":"default","ast-site-content-layout":"default","site-content-style":"default","site-sidebar-style":"default","ast-global-header-display":"","ast-banner-title-visibility":"","ast-main-header-display":"","ast-hfb-above-header-display":"","ast-hfb-below-header-display":"","ast-hfb-mobile-header-display":"","site-post-title":"","ast-breadcrumbs-content":"","ast-featured-img":"","footer-sml-layout":"","ast-disable-related-posts":"","theme-transparent-header-meta":"default","adv-header-id-meta":"","stick-header-meta":"","header-above-stick-meta":"","header-main-stick-meta":"","header-below-stick-meta":"","astra-migrate-meta-layouts":"default","ast-page-background-enabled":"default","ast-page-background-meta":{"desktop":{"background-color":"","background-image":"","background-repeat":"repeat","background-position":"center center","background-size":"auto","background-attachment":"scroll","background-type":"","background-media":"","overlay-type":"","overlay-color":"","overlay-opacity":"","overlay-gradient":""},"tablet":{"background-color":"","background-image":"","background-repeat":"repeat","background-position":"center center","background-size":"auto","background-attachment":"scroll","background-type":"","background-media":"","overlay-type":"","overlay-color":"","overlay-opacity":"","overlay-gradient":""},"mobile":{"background-color":"","background-image":"","background-repeat":"repeat","background-position":"center center","background-size":"auto","background-attachment":"scroll","background-type":"","background-media":"","overlay-type":"","overlay-color":"","overlay-opacity":"","overlay-gradient":""}},"ast-content-background-meta":{"desktop":{"background-color":"var(--ast-global-color-5)","background-image":"","background-repeat":"repeat","background-position":"center center","background-size":"auto","background-attachment":"scroll","background-type":"","background-media":"","overlay-type":"","overlay-color":"","overlay-opacity":"","overlay-gradient":""},"tablet":{"background-color":"var(--ast-global-color-5)","background-image":"","background-repeat":"repeat","background-position":"center center","background-size":"auto","background-attachment":"scroll","background-type":"","background-media":"","overlay-type":"","overlay-color":"","overlay-opacity":"","overlay-gradient":""},"mobile":{"background-color":"var(--ast-global-color-5)","background-image":"","background-repeat":"repeat","background-position":"center center","background-size":"auto","background-attachment":"scroll","background-type":"","background-media":"","overlay-type":"","overlay-color":"","overlay-opacity":"","overlay-gradient":""}},"footnotes":""},"class_list":["post-166","page","type-page","status-publish","hentry"],"yoast_head":"<!-- This site is optimized with the Yoast SEO plugin v27.5 - https:\/\/yoast.com\/product\/yoast-seo-wordpress\/ -->\n<title>Impressum - Wiener Schule f\u00fcr Bewusstsein<\/title>\n<meta name=\"robots\" content=\"index, follow, max-snippet:-1, max-image-preview:large, max-video-preview:-1\" \/>\n<link rel=\"canonical\" href=\"https:\/\/www.schule-bewusstsein.com\/Wordpress\/impressum\/\" \/>\n<meta property=\"og:locale\" content=\"de_DE\" \/>\n<meta property=\"og:type\" content=\"article\" \/>\n<meta property=\"og:title\" content=\"Impressum - Wiener Schule f\u00fcr Bewusstsein\" \/>\n<meta property=\"og:description\" content=\"Impressum Impressum der Schule f\u00fcr Bewusstsein Leitung: Die Schule f\u00fcr Bewusstsein wird von Dr. Rudolf Kapellner geleitet. Telefon: +43 \u2013 664 \u2013 50 66 155. Email: \u00fcber das Kontaktformular der Webpage unter&nbsp;Kontakt. Postanschrift: Gasteigergasse 3 \/ 26, 1200 Wien, z.H. Dr. Rudolf Kapellner Internet: www.schule-bewusstsein.com Veranstaltungsort: So nicht anders angegeben, finden die Veranstaltungen der Schule [&hellip;]\" \/>\n<meta property=\"og:url\" content=\"https:\/\/www.schule-bewusstsein.com\/Wordpress\/impressum\/\" \/>\n<meta property=\"og:site_name\" content=\"Wiener Schule f\u00fcr Bewusstsein\" \/>\n<meta property=\"article:modified_time\" content=\"2021-04-30T19:41:07+00:00\" \/>\n<meta name=\"twitter:card\" content=\"summary_large_image\" \/>\n<meta name=\"twitter:label1\" content=\"Gesch\u00e4tzte Lesezeit\" \/>\n\t<meta name=\"twitter:data1\" content=\"1\u00a0Minute\" \/>\n<script type=\"application\/ld+json\" class=\"yoast-schema-graph\">{\"@context\":\"https:\\\/\\\/schema.org\",\"@graph\":[{\"@type\":\"WebPage\",\"@id\":\"https:\\\/\\\/www.schule-bewusstsein.com\\\/Wordpress\\\/impressum\\\/\",\"url\":\"https:\\\/\\\/www.schule-bewusstsein.com\\\/Wordpress\\\/impressum\\\/\",\"name\":\"Impressum - Wiener Schule f\u00fcr Bewusstsein\",\"isPartOf\":{\"@id\":\"https:\\\/\\\/www.schule-bewusstsein.com\\\/Wordpress\\\/#website\"},\"datePublished\":\"2021-04-30T19:37:52+00:00\",\"dateModified\":\"2021-04-30T19:41:07+00:00\",\"breadcrumb\":{\"@id\":\"https:\\\/\\\/www.schule-bewusstsein.com\\\/Wordpress\\\/impressum\\\/#breadcrumb\"},\"inLanguage\":\"de\",\"potentialAction\":[{\"@type\":\"ReadAction\",\"target\":[\"https:\\\/\\\/www.schule-bewusstsein.com\\\/Wordpress\\\/impressum\\\/\"]}]},{\"@type\":\"BreadcrumbList\",\"@id\":\"https:\\\/\\\/www.schule-bewusstsein.com\\\/Wordpress\\\/impressum\\\/#breadcrumb\",\"itemListElement\":[{\"@type\":\"ListItem\",\"position\":1,\"name\":\"Startseite\",\"item\":\"https:\\\/\\\/www.schule-bewusstsein.com\\\/Wordpress\\\/\"},{\"@type\":\"ListItem\",\"position\":2,\"name\":\"Impressum\"}]},{\"@type\":\"WebSite\",\"@id\":\"https:\\\/\\\/www.schule-bewusstsein.com\\\/Wordpress\\\/#website\",\"url\":\"https:\\\/\\\/www.schule-bewusstsein.com\\\/Wordpress\\\/\",\"name\":\"Wiener Schule f\u00fcr Bewusstsein\",\"description\":\"\",\"publisher\":{\"@id\":\"https:\\\/\\\/www.schule-bewusstsein.com\\\/Wordpress\\\/#organization\"},\"potentialAction\":[{\"@type\":\"SearchAction\",\"target\":{\"@type\":\"EntryPoint\",\"urlTemplate\":\"https:\\\/\\\/www.schule-bewusstsein.com\\\/Wordpress\\\/?s={search_term_string}\"},\"query-input\":{\"@type\":\"PropertyValueSpecification\",\"valueRequired\":true,\"valueName\":\"search_term_string\"}}],\"inLanguage\":\"de\"},{\"@type\":\"Organization\",\"@id\":\"https:\\\/\\\/www.schule-bewusstsein.com\\\/Wordpress\\\/#organization\",\"name\":\"Wiener Schule f\u00fcr Bewusstsein\",\"url\":\"https:\\\/\\\/www.schule-bewusstsein.com\\\/Wordpress\\\/\",\"logo\":{\"@type\":\"ImageObject\",\"inLanguage\":\"de\",\"@id\":\"https:\\\/\\\/www.schule-bewusstsein.com\\\/Wordpress\\\/#\\\/schema\\\/logo\\\/image\\\/\",\"url\":\"https:\\/\\/www.schule-bewusstsein.com\\/Wordpress\\/wp-content\\/uploads\\/2022\\/02\\/LOGO-Schule-bunt-e1644674888998.png\",\"contentUrl\":\"https:\\/\\/www.schule-bewusstsein.com\\/Wordpress\\/wp-content\\/uploads\\/2022\\/02\\/LOGO-Schule-bunt-e1644674888998.png\",\"width\":500,\"height\":500,\"caption\":\"Wiener Schule f\u00fcr Bewusstsein\"},\"image\":{\"@id\":\"https:\\\/\\\/www.schule-bewusstsein.com\\\/Wordpress\\\/#\\\/schema\\\/logo\\\/image\\\/\"}}]}<\/script>\n<!-- \/ Yoast SEO plugin. -->","yoast_head_json":{"title":"Impressum - Wiener Schule f\u00fcr Bewusstsein","robots":{"index":"index","follow":"follow","max-snippet":"max-snippet:-1","max-image-preview":"max-image-preview:large","max-video-preview":"max-video-preview:-1"},"canonical":"https:\/\/www.schule-bewusstsein.com\/Wordpress\/impressum\/","og_locale":"de_DE","og_type":"article","og_title":"Impressum - Wiener Schule f\u00fcr Bewusstsein","og_description":"Impressum Impressum der Schule f\u00fcr Bewusstsein Leitung: Die Schule f\u00fcr Bewusstsein wird von Dr. Rudolf Kapellner geleitet. Telefon: +43 \u2013 664 \u2013 50 66 155. Email: \u00fcber das Kontaktformular der Webpage unter&nbsp;Kontakt. Postanschrift: Gasteigergasse 3 \/ 26, 1200 Wien, z.H. Dr. Rudolf Kapellner Internet: www.schule-bewusstsein.com Veranstaltungsort: So nicht anders angegeben, finden die Veranstaltungen der Schule [&hellip;]","og_url":"https:\/\/www.schule-bewusstsein.com\/Wordpress\/impressum\/","og_site_name":"Wiener Schule f\u00fcr Bewusstsein","article_modified_time":"2021-04-30T19:41:07+00:00","twitter_card":"summary_large_image","twitter_misc":{"Gesch\u00e4tzte Lesezeit":"1\u00a0Minute"},"schema":{"@context":"https:\/\/schema.org","@graph":[{"@type":"WebPage","@id":"https:\/\/www.schule-bewusstsein.com\/Wordpress\/impressum\/","url":"https:\/\/www.schule-bewusstsein.com\/Wordpress\/impressum\/","name":"Impressum - Wiener Schule f\u00fcr Bewusstsein","isPartOf":{"@id":"https:\/\/www.schule-bewusstsein.com\/Wordpress\/#website"},"datePublished":"2021-04-30T19:37:52+00:00","dateModified":"2021-04-30T19:41:07+00:00","breadcrumb":{"@id":"https:\/\/www.schule-bewusstsein.com\/Wordpress\/impressum\/#breadcrumb"},"inLanguage":"de","potentialAction":[{"@type":"ReadAction","target":["https:\/\/www.schule-bewusstsein.com\/Wordpress\/impressum\/"]}]},{"@type":"BreadcrumbList","@id":"https:\/\/www.schule-bewusstsein.com\/Wordpress\/impressum\/#breadcrumb","itemListElement":[{"@type":"ListItem","position":1,"name":"Startseite","item":"https:\/\/www.schule-bewusstsein.com\/Wordpress\/"},{"@type":"ListItem","position":2,"name":"Impressum"}]},{"@type":"WebSite","@id":"https:\/\/www.schule-bewusstsein.com\/Wordpress\/#website","url":"https:\/\/www.schule-bewusstsein.com\/Wordpress\/","name":"Wiener Schule f\u00fcr Bewusstsein","description":"","publisher":{"@id":"https:\/\/www.schule-bewusstsein.com\/Wordpress\/#organization"},"potentialAction":[{"@type":"SearchAction","target":{"@type":"EntryPoint","urlTemplate":"https:\/\/www.schule-bewusstsein.com\/Wordpress\/?s={search_term_string}"},"query-input":{"@type":"PropertyValueSpecification","valueRequired":true,"valueName":"search_term_string"}}],"inLanguage":"de"},{"@type":"Organization","@id":"https:\/\/www.schule-bewusstsein.com\/Wordpress\/#organization","name":"Wiener Schule f\u00fcr Bewusstsein","url":"https:\/\/www.schule-bewusstsein.com\/Wordpress\/","logo":{"@type":"ImageObject","inLanguage":"de","@id":"https:\/\/www.schule-bewusstsein.com\/Wordpress\/#\/schema\/logo\/image\/","url":"https:\/\/mlrihigbn6vo.i.optimole.com\/w:auto\/h:auto\/q:mauto\/f:best\/ig:avif\/https:\/\/www.schule-bewusstsein.com\/Wordpress\/wp-content\/uploads\/2022\/02\/LOGO-Schule-bunt-e1644674888998.png","contentUrl":"https:\/\/mlrihigbn6vo.i.optimole.com\/w:auto\/h:auto\/q:mauto\/f:best\/ig:avif\/https:\/\/www.schule-bewusstsein.com\/Wordpress\/wp-content\/uploads\/2022\/02\/LOGO-Schule-bunt-e1644674888998.png","width":500,"height":500,"caption":"Wiener Schule f\u00fcr Bewusstsein"},"image":{"@id":"https:\/\/www.schule-bewusstsein.com\/Wordpress\/#\/schema\/logo\/image\/"}}]}},"_links":{"self":[{"href":"https:\/\/www.schule-bewusstsein.com\/Wordpress\/wp-json\/wp\/v2\/pages\/166","targetHints":{"allow":["GET"]}}],"collection":[{"href":"https:\/\/www.schule-bewusstsein.com\/Wordpress\/wp-json\/wp\/v2\/pages"}],"about":[{"href":"https:\/\/www.schule-bewusstsein.com\/Wordpress\/wp-json\/wp\/v2\/types\/page"}],"author":[{"embeddable":true,"href":"https:\/\/www.schule-bewusstsein.com\/Wordpress\/wp-json\/wp\/v2\/users\/1"}],"replies":[{"embeddable":true,"href":"https:\/\/www.schule-bewusstsein.com\/Wordpress\/wp-json\/wp\/v2\/comments?post=166"}],"version-history":[{"count":0,"href":"https:\/\/www.schule-bewusstsein.com\/Wordpress\/wp-json\/wp\/v2\/pages\/166\/revisions"}],"wp:attachment":[{"href":"https:\/\/www.schule-bewusstsein.com\/Wordpress\/wp-json\/wp\/v2\/media?parent=166"}],"curies":[{"name":"wp","href":"https:\/\/api.w.org\/{rel}","templated":true}]}}