{"id":168,"date":"2021-04-30T21:38:38","date_gmt":"2021-04-30T19:38:38","guid":{"rendered":"https:\/\/www.schule-bewusstsein.com\/Wordpress\/?page_id=168"},"modified":"2021-04-30T21:38:52","modified_gmt":"2021-04-30T19:38:52","slug":"agb","status":"publish","type":"page","link":"https:\/\/www.schule-bewusstsein.com\/Wordpress\/agb\/","title":{"rendered":"AGB"},"content":{"rendered":"<p>AGB<\/p>\n<p><strong>Allgemeine Gesch\u00e4ftsbedingungen (AGB) der Schule f\u00fcr Bewusstsein<\/strong><\/p>\n<ol>\n<li>Standort der Schule, Erreichbarkeit und Kontaktaufnahme:<\/li>\n<\/ol>\n<ul>\n<li>Leitung und Gesamtverantwortung:&nbsp;Die Schule f\u00fcr Bewusstsein wird von Dr. Rudolf Kapellner geleitet. So nicht anders angegeben, finden die Veranstaltungen in den R\u00e4umen des Seminarzentrums Bewusst Sein im Fokus, Neubaugasse 44 \/ 2. Haus \/ 2. Stock statt.<\/li>\n<li>B\u00fcro:&nbsp;Das B\u00fcro der Schule befindet sich in der Gasteigergasse 3 \/ 26, 1200 Wien.<\/li>\n<li>Kontakt:&nbsp;Die Schule ist erreichbar \u00fcber:&nbsp;Postadresse: Gasteigergasse 3 \/ 26, 1200 Wien, z.H. Dr. Rudolf Kapellner;&nbsp;Telefon: +43 \u2013 664 \u2013 50 66 155;&nbsp;Email: \u00fcber das Kontaktformular der Webpage unter&nbsp;<a href=\"http:\/\/www.schule-bewusstsein.com\/sfb\/schule\/contact\">Kontakt<\/a>.<\/li>\n<li>Die Kenndaten f\u00fcr die Schule sind auch in der Webpage im&nbsp;<a href=\"http:\/\/www.schule-bewusstsein.com\/sfb\/schule\/impressum\">Impressum<\/a>&nbsp;einsehbar.<\/li>\n<\/ul>\n<ol start=\"2\">\n<li>Leistungen und Produkte:<\/li>\n<\/ol>\n<ul>\n<li>Produkte und Leistungen:&nbsp;Die Produkte und Leistungen der Schule f\u00fcr Bewusstsein sind Veranstaltungen jeder Art: einzelne und fortlaufende Abende und Kurse, Tages- und Wochenendworkshops, mehrmonatige und Jahresveranstaltungen sowie besondere Veranstaltungen, wie z.B. die Meisterklasse, wof\u00fcr gesonderte Leistungsbeschreibungen f\u00fcr die Teilnehmenden gelten mit diesen im voraus vereinbart werden.<\/li>\n<li>Art und Inhalt der Veranstaltungen:&nbsp;Die Art und der Inhalt jeder Veranstaltung wird in der Webpage der Schule, im Facebook-Account der Schule, in Aush\u00e4ngen und Anzeigen und anderen Werbemitteln angek\u00fcndigt. F\u00fcr alle angek\u00fcndigten Veranstaltungen der Schule gelten die hier angegebenen AGBs.<\/li>\n<\/ul>\n<ol start=\"3\">\n<li>Teilnahmegeb\u00fchren:<\/li>\n<\/ol>\n<ul>\n<li>F\u00fcr alle Veranstaltungen gelten die jeweiligen, bei den Veranstaltungen angegebenen Teilnahmegeb\u00fchren.<\/li>\n<li>So nicht anders vermerkt, ist keine Mehrwertsteuer enthalten.<\/li>\n<li>F\u00e4lligkeit:&nbsp;Die Teilnahmegeb\u00fchren sind im voraus, sp\u00e4testens unmittelbar bei Veranstaltungsbeginn zu bezahlen.<\/li>\n<li>Reduzierte Teilnahmegeb\u00fchren:&nbsp;Bei manchen Veranstaltungen werden reduzierte Teilnahmegeb\u00fchren f\u00fcr angegeben. Diese gelten f\u00fcr Studierende, Alleinerzieherinnen und Alleinerzieher und Arbeitslose. F\u00fcr jeden Status ist eine entsprechende Bescheinigung vorzulegen (z.B. Studienausweis).<\/li>\n<li>Ratenzahlungen:&nbsp;Unter bestimmten, bei der jeweiligen Veranstaltung angef\u00fchrten Bedingungen k\u00f6nnen Ratenzahlungen vereinbart werden. Anfragen daf\u00fcr sind an die Organisation der Schule zu richten und m\u00fcssen schriftlich festgehalten werden. Die Organisation der Schule kann ohne Angabe von Gr\u00fcnden eine angefragte Ratenzahlung ablehnen. Werden die vereinbarten Raten nicht eingehalten, ist der Gesamtbetrag f\u00e4llig.<\/li>\n<\/ul>\n<ol start=\"4\">\n<li>Teilnahmebedingungen:<\/li>\n<\/ol>\n<ul>\n<li><strong>\u200b\u200b\u200b\u200b\u200b\u200b\u200b<\/strong>Die Veranstaltungen der Schule erfolgen in voller Eigenverantwortung aller Teilnehmerinnen und Teilnehmer. Sie sind keinerlei wie immer gearteter Ersatz f\u00fcr eine psychotherapeutische oder medizinische Behandlung oder Therapie.<\/li>\n<li>Mit der Buchung einer Veranstaltung erkl\u00e4rt die teilnehmende Person, dass sie vollj\u00e4hrig, vollrechtsf\u00e4hig und bei guter psychischer und k\u00f6rperlicher Gesundheit ist. Veranstaltungen f\u00fcr bed\u00fcrftige oder kranke Personen werden gesondert angegeben, f\u00fcr diese gelten die angegebenen Teilnahmebedingungen.<\/li>\n<li>Bei l\u00e4ngerdauernden Veranstaltungen und Jahresgruppen ist in einem Vorgespr\u00e4ch mit der Veranstaltungsleitung die Eignung zur Teilnahme festzulegen. Die Veranstaltungsleitung kann ohne Angabe von Gr\u00fcnden die Teilnahme an der Veranstaltung verweigern.<\/li>\n<\/ul>\n<ol start=\"5\">\n<li>Zahlungsbedingungen:<\/li>\n<\/ol>\n<ul>\n<li><strong>\u200b\u200b\u200b\u200b\u200b\u200b\u200b<\/strong>Grunds\u00e4tzlich ist jede gebuchte Veranstaltung zur G\u00e4nze im voraus zu bezahlen.<\/li>\n<li>Die Einzahlung kann entweder auf das Konto der Schule bei der&nbsp;Hypo-NOE, IBAN: AT32 5300 0011 5509 2242&nbsp;unter Angabe des Namens der teilnehmenden Person und dem Titel der Veranstaltung eingezahlt werden, oder bar an der Abendkasse.<\/li>\n<li>Bei gr\u00f6\u00dferen Veranstaltungen (Wochenend-Workshop, Wochengruppen, Jahresgruppen) ist keine Abendkasse vorgesehen, die Teilnahmegeb\u00fchr ist auf das oben genannte Konto einzuzahlen<\/li>\n<\/ul>\n<p>6.\u200b\u200b\u200b\u200b\u200b\u200b\u200bTeilnehmeranzahl:<\/p>\n<ul>\n<li><strong>\u200b\u200b\u200b\u200b\u200b\u200b\u200b<\/strong>Ist f\u00fcr eine Veranstaltung eine Mindestteilnehmeranzahl angegeben und wird diese bis zu Veranstaltungsbeginn nicht erreicht, wird die Veranstaltung von der Veranstaltungsleitung abgesagt und die bereits bezahlten Teilnahmegeb\u00fchren r\u00fcckerstattet.<\/li>\n<li>Ist f\u00fcr eine Veranstaltung eine Maximalteilnehmeranzahl angegeben und wird diese erreicht, so wird die Veranstaltung geschlossen und weitere Teilnahmen sind nicht m\u00f6glich.<\/li>\n<\/ul>\n<ol start=\"7\">\n<li>Widerruf der Teilnahme:<\/li>\n<\/ol>\n<ul>\n<li><strong>\u200b\u200b\u200b\u200b\u200b\u200b\u200b<\/strong>Nach Abschluss der Buchung einer Veranstaltung hat jede Person das Recht, innerhalb von 14 Tagen nach Abschluss der Buchung kostenfrei zur\u00fcckzutreten. Bei sp\u00e4teren R\u00fccktritten ist die gesamte Teilnahmegeb\u00fchr f\u00e4llig.<\/li>\n<li>Der R\u00fccktritt von einer gebuchten Veranstaltung ist schriftlich an das B\u00fcro der Schule zu richten.<\/li>\n<\/ul>\n<ol start=\"8\">\n<li>Abbruch durch die teilnehmende Person:<\/li>\n<\/ol>\n<ul>\n<li><strong>\u200b\u200b\u200b\u200b\u200b\u200b\u200b<\/strong>Wird der Besuch einer gebuchten Veranstaltung durch eine teilnehmende Person abgebrochen oder wird ein Teil einer l\u00e4ngerdauernden Veranstaltung nicht besucht, so verbleibt der Rest der bezahlten Teilnahmegeb\u00fchr bei der Schule.<\/li>\n<li>Dies gilt auch f\u00fcr das Nicht-Erscheinen zu einer gebuchten und bezahlten Veranstaltung.\u200b\u200b\u200b\u200b\u200b\u200b\u200b\u200b\u200b\u200b\u200b\u200b\u200b\u200b<\/li>\n<\/ul>\n<ol start=\"9\">\n<li>Stornobedingungen:<\/li>\n<\/ol>\n<ul>\n<li><strong>\u200b\u200b\u200b\u200b\u200b\u200b\u200b<\/strong>Grunds\u00e4tzlich ist jede gebuchte Veranstaltung zur G\u00e4nze im voraus zu bezahlen und es gelten keine Stornobedingungen.<\/li>\n<li>Sind in der Ausschreibung einer Veranstaltung auch Stornofristen angegeben, sind diese einzuhalten. Bei Stornierung der Teilnahme innerhalb der angegebenen Stornofrist ist der Gesamtbetrag f\u00e4llig. In Ausnahmef\u00e4llen k\u00f6nnen Kulanzl\u00f6sungen getroffen werden, doch sind diese nur nach einem Gespr\u00e4ch mit der Veranstaltungsleitung m\u00f6glich und m\u00fcssen schriftlich festgehalten werden.<\/li>\n<\/ul>\n<ol start=\"10\">\n<li>Ausschluss von Veranstaltungen:<\/li>\n<\/ol>\n<ul>\n<li><strong>\u200b\u200b\u200b\u200b\u200b\u200b\u200b<\/strong>Die Veranstaltungsleitung kann Teilnehmende w\u00e4hrend einer Veranstaltung ausschlie\u00dfen. Dies ist mindestens einmal vom Veranstaltungsleiter unter Angabe der Ausschlussgr\u00fcnde anzuk\u00fcndigen; wird das ausschlussbegr\u00fcndende Verhalten fortgesetzt, ist die Veranstaltungsleitung berechtigt, den Ausschluss auszusprechen. Die ausgeschlossene Person hat die Veranstaltung unverz\u00fcglich zu verlassen.<\/li>\n<li>Im Falle eines Ausschlusses verbleibt die restliche Teilnahmegeb\u00fchr bei der Schule.<\/li>\n<\/ul>\n<ol start=\"11\">\n<li>Gerichtsstand:<\/li>\n<\/ol>\n<ul>\n<li>Der Gerichtsstand der Schule ist Wien.<\/li>\n<\/ul>\n<p>Stand: 30.04.2021<\/p>\n<p>&nbsp;<\/p>\n","protected":false},"excerpt":{"rendered":"<p>AGB Allgemeine Gesch\u00e4ftsbedingungen (AGB) der Schule f\u00fcr Bewusstsein Standort der Schule, Erreichbarkeit und Kontaktaufnahme: Leitung und Gesamtverantwortung:&nbsp;Die Schule f\u00fcr Bewusstsein wird von Dr. Rudolf Kapellner geleitet. So nicht anders angegeben, finden die Veranstaltungen in den R\u00e4umen des Seminarzentrums Bewusst Sein im Fokus, Neubaugasse 44 \/ 2. Haus \/ 2. Stock statt. B\u00fcro:&nbsp;Das B\u00fcro der Schule [&hellip;]<\/p>\n","protected":false},"author":1,"featured_media":0,"parent":0,"menu_order":0,"comment_status":"closed","ping_status":"closed","template":"","meta":{"site-sidebar-layout":"default","site-content-layout":"default","ast-site-content-layout":"default","site-content-style":"default","site-sidebar-style":"default","ast-global-header-display":"","ast-banner-title-visibility":"","ast-main-header-display":"","ast-hfb-above-header-display":"","ast-hfb-below-header-display":"","ast-hfb-mobile-header-display":"","site-post-title":"","ast-breadcrumbs-content":"","ast-featured-img":"","footer-sml-layout":"","ast-disable-related-posts":"","theme-transparent-header-meta":"default","adv-header-id-meta":"","stick-header-meta":"","header-above-stick-meta":"","header-main-stick-meta":"","header-below-stick-meta":"","astra-migrate-meta-layouts":"default","ast-page-background-enabled":"default","ast-page-background-meta":{"desktop":{"background-color":"","background-image":"","background-repeat":"repeat","background-position":"center center","background-size":"auto","background-attachment":"scroll","background-type":"","background-media":"","overlay-type":"","overlay-color":"","overlay-opacity":"","overlay-gradient":""},"tablet":{"background-color":"","background-image":"","background-repeat":"repeat","background-position":"center center","background-size":"auto","background-attachment":"scroll","background-type":"","background-media":"","overlay-type":"","overlay-color":"","overlay-opacity":"","overlay-gradient":""},"mobile":{"background-color":"","background-image":"","background-repeat":"repeat","background-position":"center center","background-size":"auto","background-attachment":"scroll","background-type":"","background-media":"","overlay-type":"","overlay-color":"","overlay-opacity":"","overlay-gradient":""}},"ast-content-background-meta":{"desktop":{"background-color":"var(--ast-global-color-5)","background-image":"","background-repeat":"repeat","background-position":"center center","background-size":"auto","background-attachment":"scroll","background-type":"","background-media":"","overlay-type":"","overlay-color":"","overlay-opacity":"","overlay-gradient":""},"tablet":{"background-color":"var(--ast-global-color-5)","background-image":"","background-repeat":"repeat","background-position":"center center","background-size":"auto","background-attachment":"scroll","background-type":"","background-media":"","overlay-type":"","overlay-color":"","overlay-opacity":"","overlay-gradient":""},"mobile":{"background-color":"var(--ast-global-color-5)","background-image":"","background-repeat":"repeat","background-position":"center center","background-size":"auto","background-attachment":"scroll","background-type":"","background-media":"","overlay-type":"","overlay-color":"","overlay-opacity":"","overlay-gradient":""}},"footnotes":""},"class_list":["post-168","page","type-page","status-publish","hentry"],"yoast_head":"<!-- This site is optimized with the Yoast SEO plugin v27.5 - https:\/\/yoast.com\/product\/yoast-seo-wordpress\/ -->\n<title>AGB - Wiener Schule f\u00fcr Bewusstsein<\/title>\n<meta name=\"robots\" content=\"index, follow, max-snippet:-1, max-image-preview:large, max-video-preview:-1\" \/>\n<link rel=\"canonical\" href=\"https:\/\/www.schule-bewusstsein.com\/Wordpress\/agb\/\" \/>\n<meta property=\"og:locale\" content=\"de_DE\" \/>\n<meta property=\"og:type\" content=\"article\" \/>\n<meta property=\"og:title\" content=\"AGB - Wiener Schule f\u00fcr Bewusstsein\" \/>\n<meta property=\"og:description\" content=\"AGB Allgemeine Gesch\u00e4ftsbedingungen (AGB) der Schule f\u00fcr Bewusstsein Standort der Schule, Erreichbarkeit und Kontaktaufnahme: Leitung und Gesamtverantwortung:&nbsp;Die Schule f\u00fcr Bewusstsein wird von Dr. Rudolf Kapellner geleitet. So nicht anders angegeben, finden die Veranstaltungen in den R\u00e4umen des Seminarzentrums Bewusst Sein im Fokus, Neubaugasse 44 \/ 2. Haus \/ 2. Stock statt. B\u00fcro:&nbsp;Das B\u00fcro der Schule [&hellip;]\" \/>\n<meta property=\"og:url\" content=\"https:\/\/www.schule-bewusstsein.com\/Wordpress\/agb\/\" \/>\n<meta property=\"og:site_name\" content=\"Wiener Schule f\u00fcr Bewusstsein\" \/>\n<meta property=\"article:modified_time\" content=\"2021-04-30T19:38:52+00:00\" \/>\n<meta name=\"twitter:card\" content=\"summary_large_image\" \/>\n<meta name=\"twitter:label1\" content=\"Gesch\u00e4tzte Lesezeit\" \/>\n\t<meta name=\"twitter:data1\" content=\"4\u00a0Minuten\" \/>\n<script type=\"application\/ld+json\" class=\"yoast-schema-graph\">{\"@context\":\"https:\\\/\\\/schema.org\",\"@graph\":[{\"@type\":\"WebPage\",\"@id\":\"https:\\\/\\\/www.schule-bewusstsein.com\\\/Wordpress\\\/agb\\\/\",\"url\":\"https:\\\/\\\/www.schule-bewusstsein.com\\\/Wordpress\\\/agb\\\/\",\"name\":\"AGB - Wiener Schule f\u00fcr Bewusstsein\",\"isPartOf\":{\"@id\":\"https:\\\/\\\/www.schule-bewusstsein.com\\\/Wordpress\\\/#website\"},\"datePublished\":\"2021-04-30T19:38:38+00:00\",\"dateModified\":\"2021-04-30T19:38:52+00:00\",\"breadcrumb\":{\"@id\":\"https:\\\/\\\/www.schule-bewusstsein.com\\\/Wordpress\\\/agb\\\/#breadcrumb\"},\"inLanguage\":\"de\",\"potentialAction\":[{\"@type\":\"ReadAction\",\"target\":[\"https:\\\/\\\/www.schule-bewusstsein.com\\\/Wordpress\\\/agb\\\/\"]}]},{\"@type\":\"BreadcrumbList\",\"@id\":\"https:\\\/\\\/www.schule-bewusstsein.com\\\/Wordpress\\\/agb\\\/#breadcrumb\",\"itemListElement\":[{\"@type\":\"ListItem\",\"position\":1,\"name\":\"Startseite\",\"item\":\"https:\\\/\\\/www.schule-bewusstsein.com\\\/Wordpress\\\/\"},{\"@type\":\"ListItem\",\"position\":2,\"name\":\"AGB\"}]},{\"@type\":\"WebSite\",\"@id\":\"https:\\\/\\\/www.schule-bewusstsein.com\\\/Wordpress\\\/#website\",\"url\":\"https:\\\/\\\/www.schule-bewusstsein.com\\\/Wordpress\\\/\",\"name\":\"Wiener Schule f\u00fcr Bewusstsein\",\"description\":\"\",\"publisher\":{\"@id\":\"https:\\\/\\\/www.schule-bewusstsein.com\\\/Wordpress\\\/#organization\"},\"potentialAction\":[{\"@type\":\"SearchAction\",\"target\":{\"@type\":\"EntryPoint\",\"urlTemplate\":\"https:\\\/\\\/www.schule-bewusstsein.com\\\/Wordpress\\\/?s={search_term_string}\"},\"query-input\":{\"@type\":\"PropertyValueSpecification\",\"valueRequired\":true,\"valueName\":\"search_term_string\"}}],\"inLanguage\":\"de\"},{\"@type\":\"Organization\",\"@id\":\"https:\\\/\\\/www.schule-bewusstsein.com\\\/Wordpress\\\/#organization\",\"name\":\"Wiener Schule f\u00fcr Bewusstsein\",\"url\":\"https:\\\/\\\/www.schule-bewusstsein.com\\\/Wordpress\\\/\",\"logo\":{\"@type\":\"ImageObject\",\"inLanguage\":\"de\",\"@id\":\"https:\\\/\\\/www.schule-bewusstsein.com\\\/Wordpress\\\/#\\\/schema\\\/logo\\\/image\\\/\",\"url\":\"https:\\/\\/www.schule-bewusstsein.com\\/Wordpress\\/wp-content\\/uploads\\/2022\\/02\\/LOGO-Schule-bunt-e1644674888998.png\",\"contentUrl\":\"https:\\/\\/www.schule-bewusstsein.com\\/Wordpress\\/wp-content\\/uploads\\/2022\\/02\\/LOGO-Schule-bunt-e1644674888998.png\",\"width\":500,\"height\":500,\"caption\":\"Wiener Schule f\u00fcr Bewusstsein\"},\"image\":{\"@id\":\"https:\\\/\\\/www.schule-bewusstsein.com\\\/Wordpress\\\/#\\\/schema\\\/logo\\\/image\\\/\"}}]}<\/script>\n<!-- \/ Yoast SEO plugin. -->","yoast_head_json":{"title":"AGB - Wiener Schule f\u00fcr Bewusstsein","robots":{"index":"index","follow":"follow","max-snippet":"max-snippet:-1","max-image-preview":"max-image-preview:large","max-video-preview":"max-video-preview:-1"},"canonical":"https:\/\/www.schule-bewusstsein.com\/Wordpress\/agb\/","og_locale":"de_DE","og_type":"article","og_title":"AGB - Wiener Schule f\u00fcr Bewusstsein","og_description":"AGB Allgemeine Gesch\u00e4ftsbedingungen (AGB) der Schule f\u00fcr Bewusstsein Standort der Schule, Erreichbarkeit und Kontaktaufnahme: Leitung und Gesamtverantwortung:&nbsp;Die Schule f\u00fcr Bewusstsein wird von Dr. Rudolf Kapellner geleitet. So nicht anders angegeben, finden die Veranstaltungen in den R\u00e4umen des Seminarzentrums Bewusst Sein im Fokus, Neubaugasse 44 \/ 2. Haus \/ 2. Stock statt. B\u00fcro:&nbsp;Das B\u00fcro der Schule [&hellip;]","og_url":"https:\/\/www.schule-bewusstsein.com\/Wordpress\/agb\/","og_site_name":"Wiener Schule f\u00fcr Bewusstsein","article_modified_time":"2021-04-30T19:38:52+00:00","twitter_card":"summary_large_image","twitter_misc":{"Gesch\u00e4tzte Lesezeit":"4\u00a0Minuten"},"schema":{"@context":"https:\/\/schema.org","@graph":[{"@type":"WebPage","@id":"https:\/\/www.schule-bewusstsein.com\/Wordpress\/agb\/","url":"https:\/\/www.schule-bewusstsein.com\/Wordpress\/agb\/","name":"AGB - Wiener Schule f\u00fcr Bewusstsein","isPartOf":{"@id":"https:\/\/www.schule-bewusstsein.com\/Wordpress\/#website"},"datePublished":"2021-04-30T19:38:38+00:00","dateModified":"2021-04-30T19:38:52+00:00","breadcrumb":{"@id":"https:\/\/www.schule-bewusstsein.com\/Wordpress\/agb\/#breadcrumb"},"inLanguage":"de","potentialAction":[{"@type":"ReadAction","target":["https:\/\/www.schule-bewusstsein.com\/Wordpress\/agb\/"]}]},{"@type":"BreadcrumbList","@id":"https:\/\/www.schule-bewusstsein.com\/Wordpress\/agb\/#breadcrumb","itemListElement":[{"@type":"ListItem","position":1,"name":"Startseite","item":"https:\/\/www.schule-bewusstsein.com\/Wordpress\/"},{"@type":"ListItem","position":2,"name":"AGB"}]},{"@type":"WebSite","@id":"https:\/\/www.schule-bewusstsein.com\/Wordpress\/#website","url":"https:\/\/www.schule-bewusstsein.com\/Wordpress\/","name":"Wiener Schule f\u00fcr Bewusstsein","description":"","publisher":{"@id":"https:\/\/www.schule-bewusstsein.com\/Wordpress\/#organization"},"potentialAction":[{"@type":"SearchAction","target":{"@type":"EntryPoint","urlTemplate":"https:\/\/www.schule-bewusstsein.com\/Wordpress\/?s={search_term_string}"},"query-input":{"@type":"PropertyValueSpecification","valueRequired":true,"valueName":"search_term_string"}}],"inLanguage":"de"},{"@type":"Organization","@id":"https:\/\/www.schule-bewusstsein.com\/Wordpress\/#organization","name":"Wiener Schule f\u00fcr Bewusstsein","url":"https:\/\/www.schule-bewusstsein.com\/Wordpress\/","logo":{"@type":"ImageObject","inLanguage":"de","@id":"https:\/\/www.schule-bewusstsein.com\/Wordpress\/#\/schema\/logo\/image\/","url":"https:\/\/mlrihigbn6vo.i.optimole.com\/w:auto\/h:auto\/q:mauto\/f:best\/ig:avif\/https:\/\/www.schule-bewusstsein.com\/Wordpress\/wp-content\/uploads\/2022\/02\/LOGO-Schule-bunt-e1644674888998.png","contentUrl":"https:\/\/mlrihigbn6vo.i.optimole.com\/w:auto\/h:auto\/q:mauto\/f:best\/ig:avif\/https:\/\/www.schule-bewusstsein.com\/Wordpress\/wp-content\/uploads\/2022\/02\/LOGO-Schule-bunt-e1644674888998.png","width":500,"height":500,"caption":"Wiener Schule f\u00fcr Bewusstsein"},"image":{"@id":"https:\/\/www.schule-bewusstsein.com\/Wordpress\/#\/schema\/logo\/image\/"}}]}},"_links":{"self":[{"href":"https:\/\/www.schule-bewusstsein.com\/Wordpress\/wp-json\/wp\/v2\/pages\/168","targetHints":{"allow":["GET"]}}],"collection":[{"href":"https:\/\/www.schule-bewusstsein.com\/Wordpress\/wp-json\/wp\/v2\/pages"}],"about":[{"href":"https:\/\/www.schule-bewusstsein.com\/Wordpress\/wp-json\/wp\/v2\/types\/page"}],"author":[{"embeddable":true,"href":"https:\/\/www.schule-bewusstsein.com\/Wordpress\/wp-json\/wp\/v2\/users\/1"}],"replies":[{"embeddable":true,"href":"https:\/\/www.schule-bewusstsein.com\/Wordpress\/wp-json\/wp\/v2\/comments?post=168"}],"version-history":[{"count":0,"href":"https:\/\/www.schule-bewusstsein.com\/Wordpress\/wp-json\/wp\/v2\/pages\/168\/revisions"}],"wp:attachment":[{"href":"https:\/\/www.schule-bewusstsein.com\/Wordpress\/wp-json\/wp\/v2\/media?parent=168"}],"curies":[{"name":"wp","href":"https:\/\/api.w.org\/{rel}","templated":true}]}}