{"id":241,"date":"2021-05-05T13:21:26","date_gmt":"2021-05-05T11:21:26","guid":{"rendered":"https:\/\/www.schule-bewusstsein.com\/Wordpress\/?page_id=241"},"modified":"2021-05-05T13:26:38","modified_gmt":"2021-05-05T11:26:38","slug":"rk","status":"publish","type":"page","link":"https:\/\/www.schule-bewusstsein.com\/Wordpress\/team\/rk\/","title":{"rendered":"Dr. Rudolf Kapellner"},"content":{"rendered":"\n<div style=\"height:100px\" aria-hidden=\"true\" class=\"wp-block-spacer\"><\/div>\n\n\n<div id=\"pl-gb241-69fdec3acf03c\"  class=\"panel-layout\" ><div id=\"pg-gb241-69fdec3acf03c-0\"  class=\"panel-grid panel-no-style\" ><div id=\"pgc-gb241-69fdec3acf03c-0-0\"  class=\"panel-grid-cell\" ><div id=\"panel-gb241-69fdec3acf03c-0-0-0\" class=\"so-panel widget widget_sow-headline panel-first-child panel-last-child\" data-index=\"0\" ><div\n\t\t\t\n\t\t\tclass=\"so-widget-sow-headline so-widget-sow-headline-default-5567006d84fd-241\"\n\t\t\t\n\t\t><div class=\"sow-headline-container \">\n\t\t\t\t\t\t\t<h1 class=\"sow-headline\">\n\t\t\t\t\t\tDr. Rudolf Kapellner\t\t\t\t\t\t<\/h1>\n\t\t\t\t\t\t\t\t\t\t\t<div class=\"decoration\">\n\t\t\t\t\t\t<div class=\"decoration-inside\"><\/div>\n\t\t\t\t\t<\/div>\n\t\t\t\t\t<\/div>\n<\/div><\/div><\/div><\/div><\/div>\n\n<div id=\"block-showcase-lite-page-title\" class=\"clearfix block block-core block-page-title-block\">\n<div class=\"content\">\n<h1 class=\"title page-title\" style=\"text-align: justify;\"><strong style=\"color: inherit; font-size: 2rem; background-color: transparent;\">Berufliche und wissenschaftliche Stationen meines Lebens<\/strong><\/h1>\n<\/div>\n<\/div>\n<div id=\"block-showcase-lite-content\" class=\"clearfix block block-system block-system-main-block\">\n<div class=\"content\">\n<article class=\"node node--type-person node--view-mode-full clearfix\" role=\"article\" data-history-node-id=\"12\">\n<div class=\"node__container\">\n<div class=\"node__main-content clearfix\">\n<div class=\"clearfix text-formatted field field--name-body field--type-text-with-summary field--label-hidden field__item\">\n<p style=\"text-align: justify;\"><strong>Dr. Rudolf Kapellner<\/strong><br \/>Geb. 1954 in Linz<br \/>Matura 1972<\/p>\n<h2 style=\"text-align: justify;\"><br \/><strong>Wissenschaftliche Laufbahn:<\/strong><\/h2>\n<ul style=\"text-align: justify;\">\n<li>1972-1983 Studium der Psychologie, Philosophie, Physiologie und Elektronik in Wien<\/li>\n<li>1974-1975 wissenschaftliche Arbeit an der Wiener Univ. Klinik f\u00fcr Psychiatrie, Aufbau des Labors f\u00fcr Elektrophysiologie<\/li>\n<li>1975-1981 Mitarbeit an wissenschaflichen Projekten an der Technischen Universit\u00e4t Wien (Industrielle Elektronik, Interfaces f\u00fcr numerische Steuerungen, Industrie-Automation)<\/li>\n<li>1983 Promotion zum Dr. phil. an der Universit\u00e4t Wien<\/li>\n<li>1985 &#8211; 2017 internationale Forschungskooperationen in der Brain-Mind- und Bewusstseins-Forschung mit \u00fcber 30 Universit\u00e4ten und akademischen Instiutionen<\/li>\n<li>1989-1995 Leitung des eigenen interdisziplin\u00e4ren und internationen Forschungsprojektes &#8222;Mindmachines &amp; Bewusstsein&#8220;, insbesondere mit im eigenen Unternehmen entwickelten Mind Machine FOCUS 101 &#8211; Details siehe auch unter\u00a0<a href=\"http:\/\/www.kapellner.com\/forschungsprojekt-audiovisuelle-stimulation-mit-focus-101\">&#8222;Publikationen, wissenschaftliche&#8220;<\/a><\/li>\n<li>1996 \u2013 1998 Aufbau der Virtual Management Academy Basel gemeinsam mit Prof. Daniel Scheidegger, Univ. Klinik Basel u.a.<\/li>\n<li>1996 \u2013 2000 Konzeption, Aufbau und Leitung der &#8222;Internationalen Zukunftsakademie&#8220; mit einem Expertennetzwerk von \u00fcber 40 Wissenschaftlern, Forschern und Beratern, in Zusammenarbeit mit der N\u00d6-Landesregierung und der N\u00d6-Landesakademie (LAK); Mitwirkende im Zukunftsakademienetzwerk waren u.a. Humberto Maturana \/ Chile, Peter Sloterdijk \/ Deutschland, Giselher Guttmann \/Wien, Manfred Kremser \/Wien, Adolf Dittrich \/ Z\u00fcrich, Horst Prehn \/ Princeton, USA und Gie\u00dfen \/ Deutschland, Wolf Prix \/ Coop Himmelb(l)au, u.a.m.)<\/li>\n<li>2000 Jury-Mitglied der Meisterklasse von Wolf Prix \/ Universit\u00e4t f\u00fcr Angewandte Kunst Wien<\/li>\n<li>2001 \u2013 2004 Aufbau einer International Academy for Professional Parenting f\u00fcr die Mayway-Stiftung in Rheno, Nevada, USA<\/li>\n<li>1999 \u2013 2011 interdisziplin\u00e4res Forschungsprojekt \u201cMegalith-Kultur\u201d v.a. in Korsika, Frankreich wie auch in Spanien, Griechenland, Schweden und Malta<\/li>\n<li>2014 Konzeptierung, Ausarbeitung und Pr\u00e4sentation eines umfassenden Curriculums f\u00fcr Bewusstseinsforschung an der Sigmund-Freud-Universit\u00e4t Wien<\/li>\n<li>2015 Gr\u00fcndung und Aufbau einer eigenen, unabh\u00e4ngigen und freien\u00a0<a href=\"http:\/\/www.akademie-bewusstseinsforschung.at\/\">Akademie f\u00fcr Bewusstseinsforschung\u00a0(link is external)<\/a>\u00a0in Wien (ABF), Vorstand der Akademie<\/li>\n<li>2016 Vorstandsmitglied der \u00d6sterreichischen Gesellschaft f\u00fcr\u00a0<a href=\"http:\/\/parapsychologie.ac.at\/\">Parapsychologie und Grenzbereiche der Wissenschaften\u00a0(link is external)<\/a><\/li>\n<li>2017 Gr\u00fcndung und Aufbau der \u00d6sterreichischen Gesellschaft f\u00fcr Bewusstseinsforschung 8\u00d6GBF), Pr\u00e4sident der Gesellschaft<\/li>\n<li>Zahlreiche Publikationen, Essays, Buchbeitr\u00e4ge und B\u00fccher;<\/li>\n<li>Viele Referate und Workshops an sowie Moderationen von internationalen Konferenzen<\/li>\n<\/ul>\n<p style=\"text-align: justify;\">\u00a0<\/p>\n<h2 style=\"text-align: justify;\"><strong>Technische und wirtschaftliche Laufbahn und Leitungs-T\u00e4tigkeiten:<\/strong><\/h2>\n<ul style=\"text-align: justify;\">\n<li>1975-1982 Beratungst\u00e4tigkeit f\u00fcr Elektronik-Unternehmen und Sercive von gro\u00dfindustriellen, elektronischen Fertigungsanlagen \/ Industrieautomation<\/li>\n<li>1983-1984 Sekret\u00e4r der k\u00f6rper-psychotherapeutischen Organisation AIKE<\/li>\n<li>1985 Gr\u00fcndung des FOCUS Stadtzentrum &#8211; Zentrum f\u00fcr Pers\u00f6nlichkeitsenwicklung und Bewusstseinskultur in Wien; Leitungsmitglied bis 2009; dabei Zusammenarbeit mit zahlreichen namhaften internationalen Lehrern und Meistern (u.a. mit Felicitas Goodman, Janabai Harrison, Chuck Kelly, Lama Sogyal Rinpoche, Ajit Mookerjee, Frederic Leboyer, Michel Odent, Ronald D. Laing, Robert Anton Wilson, Michael Hutchinson u.v.a.m.)<\/li>\n<li>1985 Gr\u00fcndung der Fa. Kapellner GmbH Wien, Gesch\u00e4ftsf\u00fchrer bis 2010<\/li>\n<li>Seit 1985 international t\u00e4tig als Berater, Trainer und Coach f\u00fcr regionale wie globale Unternehmen, Institutionen und Vorst\u00e4nde in strategischer Zukunftsentwicklung, mentaler Kompetenz f\u00fcr F\u00fchrungskr\u00e4fte (Mind Management) und Leadership (ausgew\u00e4hlte Referenzen siehe unten) und\u00a0 HR-Development<\/li>\n<li>Seit 1988: Zukunfts- und Trend-Forschung, mehrj\u00e4hrige Kooperation mit dem Gottlieb Duttweiler-Institut in Zurich, Roland Spinola \/ HDI und TAM, Gerd Gerken \/ Worpswede, Matthias Horx \/\u00a0 Hamburg, Wien, TAM M\u00fcnchen u.a.<\/li>\n<li>Seit 1989: Entwicklung und Trainings f\u00fcr nationale und internationale Leadership-Projekte auf Vorstandsebene und oberstem Management (ausgew\u00e4hlte Referenzen siehe unten)<\/li>\n<\/ul>\n<p style=\"text-align: justify;\">\u00a0<\/p>\n<h2 style=\"text-align: justify;\"><strong>Gro\u00dfe Projekte und Engagements in Forschung und Lehre:<\/strong><\/h2>\n<ul style=\"text-align: justify;\">\n<li>1987-1988 Univ. Linz, Inst. f\u00fcr Soziologie, Projekt &#8222;New Age &#8211; neue Religion?&#8220; mit Prof. Dr. Ingo M\u00f6rth<\/li>\n<li>1988-1995 Internationales und interdisziplin\u00e4res Forschungs- und Entwicklungsprojekt in Brain-Mind-Research und Bewusstseinsforschung<\/li>\n<li>1989-1995 Mindmachine-Project \u201cFOCUS 101\u201d, Kooperation mit \u00fcber 30 internationalen akademischen, universit\u00e4ren und privaten Forschungsinstitutionen<\/li>\n<li>1991-2009 Mind Management als eigenst\u00e4ndiges Forschungs- und Entwicklungs-Departement der Kapellner GmbH<\/li>\n<li>1995 &#8211; 2000 exklusives Spitzen-Trainings-Projekt \u201cEXPANDED ACCESS\u201d f\u00fcr CEOs, Top\u2013Manager and Unternehmer in \u00d6sterreich, Deutschland und der Schweiz<\/li>\n<li>1996-1997 Mitwirkung bei Gr\u00fcndung, Entwicklung und Aufbau der Virtual Management Academy Basel; Fakult\u00e4ts-Mitglied<\/li>\n<li>1989-1997 Beratungst\u00e4tigkeit und Begleitung mehrer gro\u00dfer \u00f6sterreichischer und europ\u00e4ischer Unternehmen in sozialer Kompetenz, technologischer Entwicklung (Internet) und Zukunftstrategien<\/li>\n<li>1994 \u2013 1996 Lehrt\u00e4tigkeit im Verband der Management und Marketingtrainer (VMMT)<\/li>\n<li>1989 \u2013 1998 zahlreiche Vortr\u00e4ge und \u00f6ffentliche Auftritte in Konferenzen und Symposien zum Thema \u201cZukunfts-Entwicklung und Zukunfts-Bewusstsein\u201d<\/li>\n<li>2000 \u2013 2002 Zukufts-Letter f\u00fcr den Vorstand der deutschen T-Systems<\/li>\n<li>2001 &#8211; 2009 Lektorat f\u00fcr Zukunftsmanagement, Zukunftsintelligenzen und Szenario-Management an der PEF-Privatuniversit\u00e4t f\u00fcr Wirtschaft und Management, Wien<\/li>\n<li>2002 Lektorat f\u00fcr Mind Management und Zukunfts-Bewusstsein am College de Europe, Br\u00fcgge, Belgien<\/li>\n<li>2002 Lektorat an der International Business School Styria (IBSS), wie bei PEF Privatuniversit\u00e4t f\u00fcr Management Wien<\/li>\n<li>2002 + 2003 Konzeption und Durchf\u00fchrung eines exklusiven Leadership-Trainingsprogrammes f\u00fcr den Vorstand eines europ\u00e4ischen Medien-Hauses in Z\u00fcrich<\/li>\n<li>2004 &#8211; 2007 Macht-Management-Trainings f\u00fcr CEOs<\/li>\n<li>2008 Top-Management Training an der British National School of Government (TMP88)<\/li>\n<li>2003 -2011 jedes Jahr mehrmonatige Studienaufenthalte in Korsika \/ Frankreich, Spanien, Griechenland, Italien im Rahmen des Forschungsprojektes \u201cMegalith-Kultur\u201d und \u201ctranspersonale Arch\u00e4ologie\u201d<\/li>\n<li>2017 Gr\u00fcndung und Aufbau der Schule f\u00fcr Bewusstsein und des Instituts f\u00fcr Zukunftsbewusstsein in Wien<\/li>\n<\/ul>\n<p style=\"text-align: justify;\">\u00a0<\/p>\n<h2 style=\"text-align: justify;\"><strong>Ausgew\u00e4hlte Referenzen aus Wirtschaft und Politik, wichtige Klienten und z.T. langj\u00e4hrige Kooperations-Partner:<\/strong><\/h2>\n<h3 style=\"text-align: justify;\"><strong>\u00d6sterreich:<\/strong><\/h3>\n<ul style=\"text-align: justify;\">\n<li>BML (Merkur, Bipa, Libro), Wr. Neudorf<\/li>\n<li>Verbund Konzern, Wien<\/li>\n<li>PEF GmbH Wien<\/li>\n<li>PEF-Privatuniversit\u00e4t, Wien<\/li>\n<li>Agrana \/ Raiffeisen Wien<\/li>\n<li>Lenzing AG, Lenzing<\/li>\n<li>BSG Smartcard AG, Wien<\/li>\n<li>WIFI und \u00d6sterreichische Wirtschaftskammern WKO, Wien<\/li>\n<li>Landtagsklub der SPO\u00d6, Linz<\/li>\n<li>Landesregierung N\u00d6, St. P\u00f6lten<\/li>\n<li>\u00d6BB Infra, \u00d6BB Bau, \u00d6BB PV<\/li>\n<li>VMMT Dachverband der Management- und Marketing-Trainer<\/li>\n<li>Therme Loipersdorf, Atem-Trainings und Mind Management f\u00fcr Spitzensportler mit Prof. Baldur Preiml u.a.<\/li>\n<li>Zentralsparkassa Wien<\/li>\n<li>Generali Versicherung Wien<\/li>\n<\/ul>\n<h3 style=\"text-align: justify;\"><strong>Schweiz:<\/strong><\/h3>\n<ul style=\"text-align: justify;\">\n<li>VMA (Virtual Management Academy) Basel<\/li>\n<li>GDI &#8211; Gottlieb-Duttweiler-Institut Zurich<\/li>\n<li>GfM &#8211; Gesellschaft f\u00fcr Markting, Zurich<\/li>\n<li>Roche Pharma Schweiz, Basel<\/li>\n<li>Institut und Labors Viollier, Basel<\/li>\n<li>TA-Media Zurich, Zurich<\/li>\n<li>Kantonspital und Univ.Klinik Basel<\/li>\n<li>Institut PSIN, A. Dittrich, Z\u00fcrich<\/li>\n<li>G\u00f6ldi &amp; Partner, Basel<\/li>\n<\/ul>\n<h3 style=\"text-align: justify;\"><strong>Deutschland:<\/strong><\/h3>\n<ul style=\"text-align: justify;\">\n<li>TAM Trainerakademie M\u00fcnchen<\/li>\n<li>Institut f\u00fcr Zukunftsberatung, Gerd Gerken, Worpswede<\/li>\n<li>Amdahl Fujitsu international, M\u00fcnchen<\/li>\n<li>Banyan Computers, M\u00fcnchen<\/li>\n<li>Klinke Europapier, Saarbr\u00fccken<\/li>\n<li>Trockenbau Holding, Berlin &#8211; M\u00fcnchen<\/li>\n<li>T-Systems, M\u00fcnchen<\/li>\n<li>M\u00fcnchner R\u00fcckversicherung, M\u00fcnchen<\/li>\n<\/ul>\n<h3 style=\"text-align: justify;\"><strong>Spanien \/ Italien:<\/strong><\/h3>\n<ul style=\"text-align: justify;\">\n<li>IESAG Mailand, Ibiza, Spain<\/li>\n<\/ul>\n<h3 style=\"text-align: justify;\"><strong>Gro\u00dfbritannien<\/strong><\/h3>\n<ul>\n<li style=\"text-align: justify;\">British National School of Government, Sunningdale, GB (TMP88)<\/li>\n<\/ul>\n<\/div>\n<\/div>\n<\/div>\n<\/article>\n<\/div>\n<\/div>","protected":false},"excerpt":{"rendered":"<p>Berufliche und wissenschaftliche Stationen meines Lebens Dr. Rudolf KapellnerGeb. 1954 in LinzMatura 1972 Wissenschaftliche Laufbahn: 1972-1983 Studium der Psychologie, Philosophie, Physiologie und Elektronik in Wien 1974-1975 wissenschaftliche Arbeit an der Wiener Univ. Klinik f\u00fcr Psychiatrie, Aufbau des Labors f\u00fcr Elektrophysiologie 1975-1981 Mitarbeit an wissenschaflichen Projekten an der Technischen Universit\u00e4t Wien (Industrielle Elektronik, Interfaces f\u00fcr numerische [&hellip;]<\/p>\n","protected":false},"author":1,"featured_media":0,"parent":20,"menu_order":1,"comment_status":"closed","ping_status":"closed","template":"","meta":{"site-sidebar-layout":"default","site-content-layout":"plain-container","ast-site-content-layout":"default","site-content-style":"default","site-sidebar-style":"default","ast-global-header-display":"","ast-banner-title-visibility":"","ast-main-header-display":"","ast-hfb-above-header-display":"","ast-hfb-below-header-display":"","ast-hfb-mobile-header-display":"","site-post-title":"disabled","ast-breadcrumbs-content":"","ast-featured-img":"","footer-sml-layout":"","ast-disable-related-posts":"","theme-transparent-header-meta":"default","adv-header-id-meta":"","stick-header-meta":"","header-above-stick-meta":"","header-main-stick-meta":"","header-below-stick-meta":"","astra-migrate-meta-layouts":"default","ast-page-background-enabled":"default","ast-page-background-meta":{"desktop":{"background-color":"","background-image":"","background-repeat":"repeat","background-position":"center center","background-size":"auto","background-attachment":"scroll","background-type":"","background-media":"","overlay-type":"","overlay-color":"","overlay-opacity":"","overlay-gradient":""},"tablet":{"background-color":"","background-image":"","background-repeat":"repeat","background-position":"center center","background-size":"auto","background-attachment":"scroll","background-type":"","background-media":"","overlay-type":"","overlay-color":"","overlay-opacity":"","overlay-gradient":""},"mobile":{"background-color":"","background-image":"","background-repeat":"repeat","background-position":"center center","background-size":"auto","background-attachment":"scroll","background-type":"","background-media":"","overlay-type":"","overlay-color":"","overlay-opacity":"","overlay-gradient":""}},"ast-content-background-meta":{"desktop":{"background-color":"var(--ast-global-color-5)","background-image":"","background-repeat":"repeat","background-position":"center center","background-size":"auto","background-attachment":"scroll","background-type":"","background-media":"","overlay-type":"","overlay-color":"","overlay-opacity":"","overlay-gradient":""},"tablet":{"background-color":"var(--ast-global-color-5)","background-image":"","background-repeat":"repeat","background-position":"center center","background-size":"auto","background-attachment":"scroll","background-type":"","background-media":"","overlay-type":"","overlay-color":"","overlay-opacity":"","overlay-gradient":""},"mobile":{"background-color":"var(--ast-global-color-5)","background-image":"","background-repeat":"repeat","background-position":"center center","background-size":"auto","background-attachment":"scroll","background-type":"","background-media":"","overlay-type":"","overlay-color":"","overlay-opacity":"","overlay-gradient":""}},"footnotes":""},"class_list":["post-241","page","type-page","status-publish","hentry"],"yoast_head":"<!-- This site is optimized with the Yoast SEO plugin v27.5 - https:\/\/yoast.com\/product\/yoast-seo-wordpress\/ -->\n<title>Dr. Rudolf Kapellner - Wiener Schule f\u00fcr Bewusstsein<\/title>\n<meta name=\"robots\" content=\"index, follow, max-snippet:-1, max-image-preview:large, max-video-preview:-1\" \/>\n<link rel=\"canonical\" href=\"https:\/\/www.schule-bewusstsein.com\/Wordpress\/team\/rk\/\" \/>\n<meta property=\"og:locale\" content=\"de_DE\" \/>\n<meta property=\"og:type\" content=\"article\" \/>\n<meta property=\"og:title\" content=\"Dr. Rudolf Kapellner - Wiener Schule f\u00fcr Bewusstsein\" \/>\n<meta property=\"og:description\" content=\"Berufliche und wissenschaftliche Stationen meines Lebens Dr. Rudolf KapellnerGeb. 1954 in LinzMatura 1972 Wissenschaftliche Laufbahn: 1972-1983 Studium der Psychologie, Philosophie, Physiologie und Elektronik in Wien 1974-1975 wissenschaftliche Arbeit an der Wiener Univ. Klinik f\u00fcr Psychiatrie, Aufbau des Labors f\u00fcr Elektrophysiologie 1975-1981 Mitarbeit an wissenschaflichen Projekten an der Technischen Universit\u00e4t Wien (Industrielle Elektronik, Interfaces f\u00fcr numerische [&hellip;]\" \/>\n<meta property=\"og:url\" content=\"https:\/\/www.schule-bewusstsein.com\/Wordpress\/team\/rk\/\" \/>\n<meta property=\"og:site_name\" content=\"Wiener Schule f\u00fcr Bewusstsein\" \/>\n<meta property=\"article:modified_time\" content=\"2021-05-05T11:26:38+00:00\" \/>\n<meta name=\"twitter:card\" content=\"summary_large_image\" \/>\n<meta name=\"twitter:label1\" content=\"Gesch\u00e4tzte Lesezeit\" \/>\n\t<meta name=\"twitter:data1\" content=\"5\u00a0Minuten\" \/>\n<script type=\"application\/ld+json\" class=\"yoast-schema-graph\">{\"@context\":\"https:\\\/\\\/schema.org\",\"@graph\":[{\"@type\":\"WebPage\",\"@id\":\"https:\\\/\\\/www.schule-bewusstsein.com\\\/Wordpress\\\/team\\\/rk\\\/\",\"url\":\"https:\\\/\\\/www.schule-bewusstsein.com\\\/Wordpress\\\/team\\\/rk\\\/\",\"name\":\"Dr. Rudolf Kapellner - Wiener Schule f\u00fcr Bewusstsein\",\"isPartOf\":{\"@id\":\"https:\\\/\\\/www.schule-bewusstsein.com\\\/Wordpress\\\/#website\"},\"datePublished\":\"2021-05-05T11:21:26+00:00\",\"dateModified\":\"2021-05-05T11:26:38+00:00\",\"breadcrumb\":{\"@id\":\"https:\\\/\\\/www.schule-bewusstsein.com\\\/Wordpress\\\/team\\\/rk\\\/#breadcrumb\"},\"inLanguage\":\"de\",\"potentialAction\":[{\"@type\":\"ReadAction\",\"target\":[\"https:\\\/\\\/www.schule-bewusstsein.com\\\/Wordpress\\\/team\\\/rk\\\/\"]}]},{\"@type\":\"BreadcrumbList\",\"@id\":\"https:\\\/\\\/www.schule-bewusstsein.com\\\/Wordpress\\\/team\\\/rk\\\/#breadcrumb\",\"itemListElement\":[{\"@type\":\"ListItem\",\"position\":1,\"name\":\"Startseite\",\"item\":\"https:\\\/\\\/www.schule-bewusstsein.com\\\/Wordpress\\\/\"},{\"@type\":\"ListItem\",\"position\":2,\"name\":\"Team\",\"item\":\"https:\\\/\\\/www.schule-bewusstsein.com\\\/Wordpress\\\/team\\\/\"},{\"@type\":\"ListItem\",\"position\":3,\"name\":\"Dr. Rudolf Kapellner\"}]},{\"@type\":\"WebSite\",\"@id\":\"https:\\\/\\\/www.schule-bewusstsein.com\\\/Wordpress\\\/#website\",\"url\":\"https:\\\/\\\/www.schule-bewusstsein.com\\\/Wordpress\\\/\",\"name\":\"Wiener Schule f\u00fcr Bewusstsein\",\"description\":\"\",\"publisher\":{\"@id\":\"https:\\\/\\\/www.schule-bewusstsein.com\\\/Wordpress\\\/#organization\"},\"potentialAction\":[{\"@type\":\"SearchAction\",\"target\":{\"@type\":\"EntryPoint\",\"urlTemplate\":\"https:\\\/\\\/www.schule-bewusstsein.com\\\/Wordpress\\\/?s={search_term_string}\"},\"query-input\":{\"@type\":\"PropertyValueSpecification\",\"valueRequired\":true,\"valueName\":\"search_term_string\"}}],\"inLanguage\":\"de\"},{\"@type\":\"Organization\",\"@id\":\"https:\\\/\\\/www.schule-bewusstsein.com\\\/Wordpress\\\/#organization\",\"name\":\"Wiener Schule f\u00fcr Bewusstsein\",\"url\":\"https:\\\/\\\/www.schule-bewusstsein.com\\\/Wordpress\\\/\",\"logo\":{\"@type\":\"ImageObject\",\"inLanguage\":\"de\",\"@id\":\"https:\\\/\\\/www.schule-bewusstsein.com\\\/Wordpress\\\/#\\\/schema\\\/logo\\\/image\\\/\",\"url\":\"https:\\/\\/www.schule-bewusstsein.com\\/Wordpress\\/wp-content\\/uploads\\/2022\\/02\\/LOGO-Schule-bunt-e1644674888998.png\",\"contentUrl\":\"https:\\/\\/www.schule-bewusstsein.com\\/Wordpress\\/wp-content\\/uploads\\/2022\\/02\\/LOGO-Schule-bunt-e1644674888998.png\",\"width\":500,\"height\":500,\"caption\":\"Wiener Schule f\u00fcr Bewusstsein\"},\"image\":{\"@id\":\"https:\\\/\\\/www.schule-bewusstsein.com\\\/Wordpress\\\/#\\\/schema\\\/logo\\\/image\\\/\"}}]}<\/script>\n<!-- \/ Yoast SEO plugin. -->","yoast_head_json":{"title":"Dr. Rudolf Kapellner - Wiener Schule f\u00fcr Bewusstsein","robots":{"index":"index","follow":"follow","max-snippet":"max-snippet:-1","max-image-preview":"max-image-preview:large","max-video-preview":"max-video-preview:-1"},"canonical":"https:\/\/www.schule-bewusstsein.com\/Wordpress\/team\/rk\/","og_locale":"de_DE","og_type":"article","og_title":"Dr. Rudolf Kapellner - Wiener Schule f\u00fcr Bewusstsein","og_description":"Berufliche und wissenschaftliche Stationen meines Lebens Dr. Rudolf KapellnerGeb. 1954 in LinzMatura 1972 Wissenschaftliche Laufbahn: 1972-1983 Studium der Psychologie, Philosophie, Physiologie und Elektronik in Wien 1974-1975 wissenschaftliche Arbeit an der Wiener Univ. Klinik f\u00fcr Psychiatrie, Aufbau des Labors f\u00fcr Elektrophysiologie 1975-1981 Mitarbeit an wissenschaflichen Projekten an der Technischen Universit\u00e4t Wien (Industrielle Elektronik, Interfaces f\u00fcr numerische [&hellip;]","og_url":"https:\/\/www.schule-bewusstsein.com\/Wordpress\/team\/rk\/","og_site_name":"Wiener Schule f\u00fcr Bewusstsein","article_modified_time":"2021-05-05T11:26:38+00:00","twitter_card":"summary_large_image","twitter_misc":{"Gesch\u00e4tzte Lesezeit":"5\u00a0Minuten"},"schema":{"@context":"https:\/\/schema.org","@graph":[{"@type":"WebPage","@id":"https:\/\/www.schule-bewusstsein.com\/Wordpress\/team\/rk\/","url":"https:\/\/www.schule-bewusstsein.com\/Wordpress\/team\/rk\/","name":"Dr. Rudolf Kapellner - Wiener Schule f\u00fcr Bewusstsein","isPartOf":{"@id":"https:\/\/www.schule-bewusstsein.com\/Wordpress\/#website"},"datePublished":"2021-05-05T11:21:26+00:00","dateModified":"2021-05-05T11:26:38+00:00","breadcrumb":{"@id":"https:\/\/www.schule-bewusstsein.com\/Wordpress\/team\/rk\/#breadcrumb"},"inLanguage":"de","potentialAction":[{"@type":"ReadAction","target":["https:\/\/www.schule-bewusstsein.com\/Wordpress\/team\/rk\/"]}]},{"@type":"BreadcrumbList","@id":"https:\/\/www.schule-bewusstsein.com\/Wordpress\/team\/rk\/#breadcrumb","itemListElement":[{"@type":"ListItem","position":1,"name":"Startseite","item":"https:\/\/www.schule-bewusstsein.com\/Wordpress\/"},{"@type":"ListItem","position":2,"name":"Team","item":"https:\/\/www.schule-bewusstsein.com\/Wordpress\/team\/"},{"@type":"ListItem","position":3,"name":"Dr. Rudolf Kapellner"}]},{"@type":"WebSite","@id":"https:\/\/www.schule-bewusstsein.com\/Wordpress\/#website","url":"https:\/\/www.schule-bewusstsein.com\/Wordpress\/","name":"Wiener Schule f\u00fcr Bewusstsein","description":"","publisher":{"@id":"https:\/\/www.schule-bewusstsein.com\/Wordpress\/#organization"},"potentialAction":[{"@type":"SearchAction","target":{"@type":"EntryPoint","urlTemplate":"https:\/\/www.schule-bewusstsein.com\/Wordpress\/?s={search_term_string}"},"query-input":{"@type":"PropertyValueSpecification","valueRequired":true,"valueName":"search_term_string"}}],"inLanguage":"de"},{"@type":"Organization","@id":"https:\/\/www.schule-bewusstsein.com\/Wordpress\/#organization","name":"Wiener Schule f\u00fcr Bewusstsein","url":"https:\/\/www.schule-bewusstsein.com\/Wordpress\/","logo":{"@type":"ImageObject","inLanguage":"de","@id":"https:\/\/www.schule-bewusstsein.com\/Wordpress\/#\/schema\/logo\/image\/","url":"https:\/\/mlrihigbn6vo.i.optimole.com\/w:auto\/h:auto\/q:mauto\/f:best\/ig:avif\/https:\/\/www.schule-bewusstsein.com\/Wordpress\/wp-content\/uploads\/2022\/02\/LOGO-Schule-bunt-e1644674888998.png","contentUrl":"https:\/\/mlrihigbn6vo.i.optimole.com\/w:auto\/h:auto\/q:mauto\/f:best\/ig:avif\/https:\/\/www.schule-bewusstsein.com\/Wordpress\/wp-content\/uploads\/2022\/02\/LOGO-Schule-bunt-e1644674888998.png","width":500,"height":500,"caption":"Wiener Schule f\u00fcr Bewusstsein"},"image":{"@id":"https:\/\/www.schule-bewusstsein.com\/Wordpress\/#\/schema\/logo\/image\/"}}]}},"_links":{"self":[{"href":"https:\/\/www.schule-bewusstsein.com\/Wordpress\/wp-json\/wp\/v2\/pages\/241","targetHints":{"allow":["GET"]}}],"collection":[{"href":"https:\/\/www.schule-bewusstsein.com\/Wordpress\/wp-json\/wp\/v2\/pages"}],"about":[{"href":"https:\/\/www.schule-bewusstsein.com\/Wordpress\/wp-json\/wp\/v2\/types\/page"}],"author":[{"embeddable":true,"href":"https:\/\/www.schule-bewusstsein.com\/Wordpress\/wp-json\/wp\/v2\/users\/1"}],"replies":[{"embeddable":true,"href":"https:\/\/www.schule-bewusstsein.com\/Wordpress\/wp-json\/wp\/v2\/comments?post=241"}],"version-history":[{"count":0,"href":"https:\/\/www.schule-bewusstsein.com\/Wordpress\/wp-json\/wp\/v2\/pages\/241\/revisions"}],"up":[{"embeddable":true,"href":"https:\/\/www.schule-bewusstsein.com\/Wordpress\/wp-json\/wp\/v2\/pages\/20"}],"wp:attachment":[{"href":"https:\/\/www.schule-bewusstsein.com\/Wordpress\/wp-json\/wp\/v2\/media?parent=241"}],"curies":[{"name":"wp","href":"https:\/\/api.w.org\/{rel}","templated":true}]}}