{"id":258,"date":"2021-05-05T13:33:42","date_gmt":"2021-05-05T11:33:42","guid":{"rendered":"https:\/\/www.schule-bewusstsein.com\/Wordpress\/?page_id=258"},"modified":"2021-05-05T13:36:15","modified_gmt":"2021-05-05T11:36:15","slug":"es","status":"publish","type":"page","link":"https:\/\/www.schule-bewusstsein.com\/Wordpress\/team\/es\/","title":{"rendered":"Mag. Elisabeth Schlegel"},"content":{"rendered":"\n<div style=\"height:100px\" aria-hidden=\"true\" class=\"wp-block-spacer\"><\/div>\n\n\n<div id=\"pl-gb258-69d13b3e0c8cb\"  class=\"panel-layout\" ><div id=\"pg-gb258-69d13b3e0c8cb-0\"  class=\"panel-grid panel-no-style\" ><div id=\"pgc-gb258-69d13b3e0c8cb-0-0\"  class=\"panel-grid-cell\" ><div id=\"panel-gb258-69d13b3e0c8cb-0-0-0\" class=\"so-panel widget widget_sow-headline panel-first-child panel-last-child\" data-index=\"0\" ><div\n\t\t\t\n\t\t\tclass=\"so-widget-sow-headline so-widget-sow-headline-default-5567006d84fd-258\"\n\t\t\t\n\t\t><div class=\"sow-headline-container \">\n\t\t\t\t\t\t\t<h1 class=\"sow-headline\">\n\t\t\t\t\t\tMag. Elisabeth Schlegel\t\t\t\t\t\t<\/h1>\n\t\t\t\t\t\t\t\t\t\t\t<div class=\"decoration\">\n\t\t\t\t\t\t<div class=\"decoration-inside\"><\/div>\n\t\t\t\t\t<\/div>\n\t\t\t\t\t<\/div>\n<\/div><\/div><\/div><\/div><\/div>\n\n<p style=\"text-align: justify;\">Das Erforschen unterschiedlicher Natur,- Kultur,- und Bewusstseinsr\u00e4ume, sowie damit verbundenes Wissen \u00fcber K\u00f6rper, Geist und Seele sind sowohl Boden, als auch innerer Antrieb f\u00fcr meinen Weg.<\/p>\n<p>\u00a0<\/p>\n<p style=\"text-align: justify;\">\u00a0<\/p>\n<h2 style=\"text-align: justify;\"><strong>Autobiographischer Lebenslauf<\/strong><\/h2>\n<p>\u00a0<\/p>\n<p style=\"text-align: justify;\">Immer schon kenne ich das Gef\u00fchl mehr wissen\u00a0 und \u00fcber mich selbst erfahren zu wollen, als sich mir an der Oberfl\u00e4che zeigt.<\/p>\n<p style=\"text-align: justify;\">Seit meiner Kindheit habe ich pr\u00e4gende Erlebnisse und Auseinandersetzungen mit der so genannten anderen Wirklichkeit. Aufgewachsen in einem b\u00fcrgerlich und katholisch gepr\u00e4gten Elternhaus habe ich ein verinnerlichtes Wissen \u00fcber Traditionen und Rituale. Pers\u00f6nlich habe ich mich jedoch an der starken Natur,- und Kunstverbundenheit meiner Familie orientiert. Ich bin mit dem Bergsteigen gro\u00df geworden. Alle Aspekte, die damit verbunden sind, von den Vorbereitungen, dem richtigen Einsch\u00e4tzen und Gehen bis hin zum F\u00fchren sind f\u00fcr mich auch grundlegendes Wissen f\u00fcr Reisen in ver\u00e4nderte Bewusstseinswelten.<\/p>\n<p style=\"text-align: justify;\">Auch das Graben und sichtbar machen von verborgenem Wissen auf der Suche nach sich selbst ist ein Erbe meiner Vorfahren und spiegelt sich letzendlich in meiner beruflichen T\u00e4tigkeit wider.\u00a0Als Restauratorin stehe ich in einem permanenten Wechselfeld von Entstehungs -, Zerfalls-, und Wiederherstellungsprozessen menschlichen Ausdrucks.<\/p>\n<p style=\"text-align: justify;\">Erfahrungen der transpersonalen Art werden bei mir oft durch trance-artige Zust\u00e4nde, wie beim Tanzen, Malen, Bergsteigen oder auch beim Restaurieren beg\u00fcnstigt.<\/p>\n<p style=\"text-align: justify;\">Der Wunsch einmal l\u00e4ngere Zeit im Ausland zu verbringen, war von einer Sehnsucht nach innerer Aufl\u00f6sung und Weiterentwicklung getrieben. Mein 3-j\u00e4hriger Auslandsaufenthalt in den USA\u00a0 und Reisen nach Mexico und Hawaii haben mein Bewusstsein stark gepr\u00e4gt und meine Sichtweise auf vieles grundlegend ver\u00e4ndert. In diese Zeit sind auch einige meiner st\u00e4rksten Erlebnisse mit der Tier,-und Geistwelt der anderen Wirklichkeit getreten.<\/p>\n<p style=\"text-align: justify;\">Die R\u00fcckkehr nach Europa und die gleichzeitige Konfrontation mit meiner alten Identit\u00e4t waren wie ein innerer Tod, in dem sich in Folge mein tiefstes Inneres transformiert hat. Mein Blick auf die Welt hat sich komplett ge\u00e4ndert.<\/p>\n<p style=\"text-align: justify;\">In dieser Zeit habe ich zum ersten Mal an einer schamanischen Schwitzh\u00fctte teilgenommen und war \u00fcbergl\u00fccklich, dass sich ein Weg, der all meine lebenswichtigsten Erfahrungen eint, so deutlich hier in meiner Heimat \u00f6ffnete. Eine sehr nahestehende Gef\u00e4hrtin ist dabei wegweisend f\u00fcr mich und begleitet und n\u00e4hrt mich jahrelang mit astrologischem und ganzheitlichem Wissen.<\/p>\n<p style=\"text-align: justify;\">Ebenso habe ich kurz darauf an einem ersten Tranceritual nach Felicitas D.Goodman teilgenommen. In dieser wichtigen Phase meines Lebens habe ich in dieser Trance den B\u00e4rengeist, den gro\u00dfen Heiler in den Kulturen, initiiert. Das st\u00e4rkste Verwandlungserlebnis, das ich je hatte.<\/p>\n<p style=\"text-align: justify;\">Danach folgten eine intensive ganzheitliche Visionsreise auf Kreta und meine Ausbildung zur<\/p>\n<p style=\"text-align: justify;\">Gruppenleiterin f\u00fcr rituelle K\u00f6rperhaltungen und religi\u00f6se Trance nach Felicitas D.Goodman.<\/p>\n<p style=\"text-align: justify;\">Die Geburten meiner beiden Kinder und der Tod einer geliebten Person f\u00fchrten in den darauffolgenden Jahren zu tiefgreifenden Ver\u00e4nderungen und Einsichten. Die Hingabe und Orientierung an meine pers\u00f6nliche Entwicklung auf dem Weg des Wissens ist mir richtungsweisend.<\/p>\n<p style=\"text-align: justify;\">Viele andere Prozesse zur vertieften Selbsterfahrung und diverse Reisen zu den Themen KriegerIn, Tod und Transzendenz begleiten schon seit vielen Jahren meinen Weg.<\/p>\n<p style=\"text-align: justify;\">\u00a0<\/p>\n<h2 style=\"text-align: justify;\"><strong>Werdegang und Beruf (Kurzbiografie)<\/strong><\/h2>\n<p style=\"text-align: justify;\">1974 geboren in Salzburg<\/p>\n<p style=\"text-align: justify;\">1992 Matura, Bundesgymnasium Hallein<\/p>\n<p style=\"text-align: justify;\">1992-1993 Restauratorin im Atelier Ghezzi, Salzburg<\/p>\n<p style=\"text-align: justify;\">1992 und 1993 Teilnahme an der Internationalen Sommerakademie f\u00fcr bildende Kunst, Salzburg<\/p>\n<p style=\"text-align: justify;\">Prof. Georg Eisler, Prof. Hermann Nitsch<\/p>\n<p style=\"text-align: justify;\">1993-1998 Studium und Diplom der Konservierung und Restaurierung von Gem\u00e4lden, Akademie der bildenden K\u00fcnste Wien<\/p>\n<p style=\"text-align: justify;\">1998-1999 Restauratorin im Atelier Siems, Wien<\/p>\n<p style=\"text-align: justify;\">1999-2001 Assistentin im Fachbereich Konservierung und Restaurierung von Gem\u00e4lden, Akademie der bildenden K\u00fcnste Wien<\/p>\n<p style=\"text-align: justify;\">2001-2004: Forschungst\u00e4tigkeit am Los Angeles County Museum of Art, USA;\u00a0Vertiefung in die Konservierung zeitgen\u00f6ssischer, amerikanischer und lateinamerikanischer Kunst;<\/p>\n<p style=\"text-align: justify;\">2002: Microscopy for Art Conservators, Mc Crone Research Institute Chicago, IL, USA<\/p>\n<p style=\"text-align: justify;\">2004-2005 Mitarbeit an der Restaurierung des Sattlerpanoramas, Salzburg<\/p>\n<p style=\"text-align: justify;\">2004-2005 Restauriert\u00e4tigkeit am Bundesdenkmalamt, Arsenal Wien<\/p>\n<p style=\"text-align: justify;\">2005-2009 Lehrt\u00e4tigkeit an der Akademie der bildenden K\u00fcnste Wien, Fachbereich Konservierung und Restaurierung moderner und zeitgen\u00f6ssischer Kunst<\/p>\n<p style=\"text-align: justify;\">2005-2016 Restauratorin am Essl Museum, Klosterneuburg<\/p>\n<p style=\"text-align: justify;\">2016-2017 Cultural Management- Lehrgang, Universit\u00e4t Wien<\/p>\n<p style=\"text-align: justify;\">seit 2016 selbstst\u00e4ndige Restauratorin: Atelier f\u00fcr Konservierung und Restaurierung von Gem\u00e4lden, Wien<\/p>\n<p style=\"text-align: justify;\">\u00a0<\/p>\n<h2 style=\"text-align: justify;\"><strong>Ausbildungen im Transpersonalen Bereich:<\/strong><\/h2>\n<p style=\"text-align: justify;\">seit 2004\u00a0 Vorlesungen, Kurse und Praxis bei Dr. Rudolf Kapellner:<\/p>\n<p style=\"text-align: justify;\">\u00a0<\/p>\n<ul style=\"text-align: justify;\">\n<li>schamanische Schwitzh\u00fctte_ 2004, Steiermark<\/li>\n<li>Visionsreise_2007, Kreta<\/li>\n<li>Megalithprojekt_2008 f., Korsika<\/li>\n<li>Pforten der Wahrnehmung _2008, Focus Wien<\/li>\n<li>Pflanzenlehrgang: Tore des Bewusstseins_2009, Focus Wien<\/li>\n<li>KriegerIn und Tod_2010, Focus Wien<\/li>\n<li>Evolution_2012, Focus Wien<\/li>\n<li>Bewusstseinswerkstatt Neue Lebensformen_ 2012, Focus Wien<\/li>\n<li>Grundlagen einer Inter,-und Transdisziplin\u00e4ren Bewusstseinsforschung_2015, ABF Wien<\/li>\n<li>Bewusstseinsforschung, Ich und Pers\u00f6nlichkeit 1_2016, ABF Wien<\/li>\n<li>Grundkurs f\u00fcr Bewusstseinspraktiken_2017, ABF Wien<\/li>\n<li>Schattenjahr_2018<\/li>\n<\/ul>\n<p style=\"text-align: justify;\">\u00a0<\/p>\n<p style=\"text-align: justify;\">2007-2009 Ausbildung zur Gruppenleiterin f\u00fcr die Methode &#8218;rituelle K\u00f6rperhaltungen und ekstatische Trance&#8216; nach Felicitas D. Goodman; Susanne Jarausch, Focus, Wien<\/p>\n<p style=\"text-align: justify;\">2009 Schamanischer Maskentanz; Susanne Jarausch, O\u00d6<\/p>\n<p style=\"text-align: justify;\">2010 &#8211; 2011 Hom\u00f6opathisch-Astrologischer Prozess zur vertieften Pers\u00f6nlichkeitsentwicklung, Dr. Brigitte Sumetsberger, Wien<\/p>\n<p style=\"text-align: justify;\">\u00a0<\/p>\n<p style=\"text-align: justify;\">2015 Traum und Klartraumseminar, Dr. Brigitte Holzinger, Wien<\/p>\n<p style=\"text-align: justify;\">\u00a0<\/p>\n<p style=\"text-align: justify;\">\u00a0<\/p>\n<h2 style=\"text-align: justify;\"><strong>Professionelle Anwendung von Bewusstseinstheorie und Praxis<\/strong><\/h2>\n<p style=\"text-align: justify;\">seit 2010 bin ich Leiterin von Trancegruppen nach der Methode &#8218;Rituelle K\u00f6rperhaltungen und ekstatische Trance&#8216; der Kulturanthropolgin Dr. Felicitas D. Goodman<\/p>\n\n\n<div style=\"height:100px\" aria-hidden=\"true\" class=\"wp-block-spacer\"><\/div>\n","protected":false},"excerpt":{"rendered":"<p>Das Erforschen unterschiedlicher Natur,- Kultur,- und Bewusstseinsr\u00e4ume, sowie damit verbundenes Wissen \u00fcber K\u00f6rper, Geist und Seele sind sowohl Boden, als auch innerer Antrieb f\u00fcr meinen Weg. \u00a0 \u00a0 Autobiographischer Lebenslauf \u00a0 Immer schon kenne ich das Gef\u00fchl mehr wissen\u00a0 und \u00fcber mich selbst erfahren zu wollen, als sich mir an der Oberfl\u00e4che zeigt. Seit meiner [&hellip;]<\/p>\n","protected":false},"author":1,"featured_media":0,"parent":20,"menu_order":3,"comment_status":"closed","ping_status":"closed","template":"","meta":{"site-sidebar-layout":"default","site-content-layout":"plain-container","ast-site-content-layout":"default","site-content-style":"default","site-sidebar-style":"default","ast-global-header-display":"","ast-banner-title-visibility":"","ast-main-header-display":"","ast-hfb-above-header-display":"","ast-hfb-below-header-display":"","ast-hfb-mobile-header-display":"","site-post-title":"disabled","ast-breadcrumbs-content":"","ast-featured-img":"","footer-sml-layout":"","ast-disable-related-posts":"","theme-transparent-header-meta":"default","adv-header-id-meta":"","stick-header-meta":"","header-above-stick-meta":"","header-main-stick-meta":"","header-below-stick-meta":"","astra-migrate-meta-layouts":"default","ast-page-background-enabled":"default","ast-page-background-meta":{"desktop":{"background-color":"","background-image":"","background-repeat":"repeat","background-position":"center center","background-size":"auto","background-attachment":"scroll","background-type":"","background-media":"","overlay-type":"","overlay-color":"","overlay-opacity":"","overlay-gradient":""},"tablet":{"background-color":"","background-image":"","background-repeat":"repeat","background-position":"center center","background-size":"auto","background-attachment":"scroll","background-type":"","background-media":"","overlay-type":"","overlay-color":"","overlay-opacity":"","overlay-gradient":""},"mobile":{"background-color":"","background-image":"","background-repeat":"repeat","background-position":"center center","background-size":"auto","background-attachment":"scroll","background-type":"","background-media":"","overlay-type":"","overlay-color":"","overlay-opacity":"","overlay-gradient":""}},"ast-content-background-meta":{"desktop":{"background-color":"var(--ast-global-color-5)","background-image":"","background-repeat":"repeat","background-position":"center center","background-size":"auto","background-attachment":"scroll","background-type":"","background-media":"","overlay-type":"","overlay-color":"","overlay-opacity":"","overlay-gradient":""},"tablet":{"background-color":"var(--ast-global-color-5)","background-image":"","background-repeat":"repeat","background-position":"center center","background-size":"auto","background-attachment":"scroll","background-type":"","background-media":"","overlay-type":"","overlay-color":"","overlay-opacity":"","overlay-gradient":""},"mobile":{"background-color":"var(--ast-global-color-5)","background-image":"","background-repeat":"repeat","background-position":"center center","background-size":"auto","background-attachment":"scroll","background-type":"","background-media":"","overlay-type":"","overlay-color":"","overlay-opacity":"","overlay-gradient":""}},"footnotes":""},"class_list":["post-258","page","type-page","status-publish","hentry"],"yoast_head":"<!-- This site is optimized with the Yoast SEO plugin v27.3 - https:\/\/yoast.com\/product\/yoast-seo-wordpress\/ -->\n<title>Mag. Elisabeth Schlegel - Wiener Schule f\u00fcr Bewusstsein<\/title>\n<meta name=\"robots\" content=\"index, follow, max-snippet:-1, max-image-preview:large, max-video-preview:-1\" \/>\n<link rel=\"canonical\" href=\"https:\/\/www.schule-bewusstsein.com\/Wordpress\/team\/es\/\" \/>\n<meta property=\"og:locale\" content=\"de_DE\" \/>\n<meta property=\"og:type\" content=\"article\" \/>\n<meta property=\"og:title\" content=\"Mag. Elisabeth Schlegel - Wiener Schule f\u00fcr Bewusstsein\" \/>\n<meta property=\"og:description\" content=\"Das Erforschen unterschiedlicher Natur,- Kultur,- und Bewusstseinsr\u00e4ume, sowie damit verbundenes Wissen \u00fcber K\u00f6rper, Geist und Seele sind sowohl Boden, als auch innerer Antrieb f\u00fcr meinen Weg. \u00a0 \u00a0 Autobiographischer Lebenslauf \u00a0 Immer schon kenne ich das Gef\u00fchl mehr wissen\u00a0 und \u00fcber mich selbst erfahren zu wollen, als sich mir an der Oberfl\u00e4che zeigt. Seit meiner [&hellip;]\" \/>\n<meta property=\"og:url\" content=\"https:\/\/www.schule-bewusstsein.com\/Wordpress\/team\/es\/\" \/>\n<meta property=\"og:site_name\" content=\"Wiener Schule f\u00fcr Bewusstsein\" \/>\n<meta property=\"article:modified_time\" content=\"2021-05-05T11:36:15+00:00\" \/>\n<meta name=\"twitter:card\" content=\"summary_large_image\" \/>\n<meta name=\"twitter:label1\" content=\"Gesch\u00e4tzte Lesezeit\" \/>\n\t<meta name=\"twitter:data1\" content=\"4\u00a0Minuten\" \/>\n<script type=\"application\/ld+json\" class=\"yoast-schema-graph\">{\"@context\":\"https:\\\/\\\/schema.org\",\"@graph\":[{\"@type\":\"WebPage\",\"@id\":\"https:\\\/\\\/www.schule-bewusstsein.com\\\/Wordpress\\\/team\\\/es\\\/\",\"url\":\"https:\\\/\\\/www.schule-bewusstsein.com\\\/Wordpress\\\/team\\\/es\\\/\",\"name\":\"Mag. Elisabeth Schlegel - Wiener Schule f\u00fcr Bewusstsein\",\"isPartOf\":{\"@id\":\"https:\\\/\\\/www.schule-bewusstsein.com\\\/Wordpress\\\/#website\"},\"datePublished\":\"2021-05-05T11:33:42+00:00\",\"dateModified\":\"2021-05-05T11:36:15+00:00\",\"breadcrumb\":{\"@id\":\"https:\\\/\\\/www.schule-bewusstsein.com\\\/Wordpress\\\/team\\\/es\\\/#breadcrumb\"},\"inLanguage\":\"de\",\"potentialAction\":[{\"@type\":\"ReadAction\",\"target\":[\"https:\\\/\\\/www.schule-bewusstsein.com\\\/Wordpress\\\/team\\\/es\\\/\"]}]},{\"@type\":\"BreadcrumbList\",\"@id\":\"https:\\\/\\\/www.schule-bewusstsein.com\\\/Wordpress\\\/team\\\/es\\\/#breadcrumb\",\"itemListElement\":[{\"@type\":\"ListItem\",\"position\":1,\"name\":\"Startseite\",\"item\":\"https:\\\/\\\/www.schule-bewusstsein.com\\\/Wordpress\\\/\"},{\"@type\":\"ListItem\",\"position\":2,\"name\":\"Team\",\"item\":\"https:\\\/\\\/www.schule-bewusstsein.com\\\/Wordpress\\\/team\\\/\"},{\"@type\":\"ListItem\",\"position\":3,\"name\":\"Mag. Elisabeth Schlegel\"}]},{\"@type\":\"WebSite\",\"@id\":\"https:\\\/\\\/www.schule-bewusstsein.com\\\/Wordpress\\\/#website\",\"url\":\"https:\\\/\\\/www.schule-bewusstsein.com\\\/Wordpress\\\/\",\"name\":\"Wiener Schule f\u00fcr Bewusstsein\",\"description\":\"\",\"publisher\":{\"@id\":\"https:\\\/\\\/www.schule-bewusstsein.com\\\/Wordpress\\\/#organization\"},\"potentialAction\":[{\"@type\":\"SearchAction\",\"target\":{\"@type\":\"EntryPoint\",\"urlTemplate\":\"https:\\\/\\\/www.schule-bewusstsein.com\\\/Wordpress\\\/?s={search_term_string}\"},\"query-input\":{\"@type\":\"PropertyValueSpecification\",\"valueRequired\":true,\"valueName\":\"search_term_string\"}}],\"inLanguage\":\"de\"},{\"@type\":\"Organization\",\"@id\":\"https:\\\/\\\/www.schule-bewusstsein.com\\\/Wordpress\\\/#organization\",\"name\":\"Wiener Schule f\u00fcr Bewusstsein\",\"url\":\"https:\\\/\\\/www.schule-bewusstsein.com\\\/Wordpress\\\/\",\"logo\":{\"@type\":\"ImageObject\",\"inLanguage\":\"de\",\"@id\":\"https:\\\/\\\/www.schule-bewusstsein.com\\\/Wordpress\\\/#\\\/schema\\\/logo\\\/image\\\/\",\"url\":\"https:\\/\\/www.schule-bewusstsein.com\\/Wordpress\\/wp-content\\/uploads\\/2022\\/02\\/LOGO-Schule-bunt-e1644674888998.png\",\"contentUrl\":\"https:\\/\\/www.schule-bewusstsein.com\\/Wordpress\\/wp-content\\/uploads\\/2022\\/02\\/LOGO-Schule-bunt-e1644674888998.png\",\"width\":500,\"height\":500,\"caption\":\"Wiener Schule f\u00fcr Bewusstsein\"},\"image\":{\"@id\":\"https:\\\/\\\/www.schule-bewusstsein.com\\\/Wordpress\\\/#\\\/schema\\\/logo\\\/image\\\/\"}}]}<\/script>\n<!-- \/ Yoast SEO plugin. -->","yoast_head_json":{"title":"Mag. Elisabeth Schlegel - Wiener Schule f\u00fcr Bewusstsein","robots":{"index":"index","follow":"follow","max-snippet":"max-snippet:-1","max-image-preview":"max-image-preview:large","max-video-preview":"max-video-preview:-1"},"canonical":"https:\/\/www.schule-bewusstsein.com\/Wordpress\/team\/es\/","og_locale":"de_DE","og_type":"article","og_title":"Mag. Elisabeth Schlegel - Wiener Schule f\u00fcr Bewusstsein","og_description":"Das Erforschen unterschiedlicher Natur,- Kultur,- und Bewusstseinsr\u00e4ume, sowie damit verbundenes Wissen \u00fcber K\u00f6rper, Geist und Seele sind sowohl Boden, als auch innerer Antrieb f\u00fcr meinen Weg. \u00a0 \u00a0 Autobiographischer Lebenslauf \u00a0 Immer schon kenne ich das Gef\u00fchl mehr wissen\u00a0 und \u00fcber mich selbst erfahren zu wollen, als sich mir an der Oberfl\u00e4che zeigt. Seit meiner [&hellip;]","og_url":"https:\/\/www.schule-bewusstsein.com\/Wordpress\/team\/es\/","og_site_name":"Wiener Schule f\u00fcr Bewusstsein","article_modified_time":"2021-05-05T11:36:15+00:00","twitter_card":"summary_large_image","twitter_misc":{"Gesch\u00e4tzte Lesezeit":"4\u00a0Minuten"},"schema":{"@context":"https:\/\/schema.org","@graph":[{"@type":"WebPage","@id":"https:\/\/www.schule-bewusstsein.com\/Wordpress\/team\/es\/","url":"https:\/\/www.schule-bewusstsein.com\/Wordpress\/team\/es\/","name":"Mag. Elisabeth Schlegel - Wiener Schule f\u00fcr Bewusstsein","isPartOf":{"@id":"https:\/\/www.schule-bewusstsein.com\/Wordpress\/#website"},"datePublished":"2021-05-05T11:33:42+00:00","dateModified":"2021-05-05T11:36:15+00:00","breadcrumb":{"@id":"https:\/\/www.schule-bewusstsein.com\/Wordpress\/team\/es\/#breadcrumb"},"inLanguage":"de","potentialAction":[{"@type":"ReadAction","target":["https:\/\/www.schule-bewusstsein.com\/Wordpress\/team\/es\/"]}]},{"@type":"BreadcrumbList","@id":"https:\/\/www.schule-bewusstsein.com\/Wordpress\/team\/es\/#breadcrumb","itemListElement":[{"@type":"ListItem","position":1,"name":"Startseite","item":"https:\/\/www.schule-bewusstsein.com\/Wordpress\/"},{"@type":"ListItem","position":2,"name":"Team","item":"https:\/\/www.schule-bewusstsein.com\/Wordpress\/team\/"},{"@type":"ListItem","position":3,"name":"Mag. Elisabeth Schlegel"}]},{"@type":"WebSite","@id":"https:\/\/www.schule-bewusstsein.com\/Wordpress\/#website","url":"https:\/\/www.schule-bewusstsein.com\/Wordpress\/","name":"Wiener Schule f\u00fcr Bewusstsein","description":"","publisher":{"@id":"https:\/\/www.schule-bewusstsein.com\/Wordpress\/#organization"},"potentialAction":[{"@type":"SearchAction","target":{"@type":"EntryPoint","urlTemplate":"https:\/\/www.schule-bewusstsein.com\/Wordpress\/?s={search_term_string}"},"query-input":{"@type":"PropertyValueSpecification","valueRequired":true,"valueName":"search_term_string"}}],"inLanguage":"de"},{"@type":"Organization","@id":"https:\/\/www.schule-bewusstsein.com\/Wordpress\/#organization","name":"Wiener Schule f\u00fcr Bewusstsein","url":"https:\/\/www.schule-bewusstsein.com\/Wordpress\/","logo":{"@type":"ImageObject","inLanguage":"de","@id":"https:\/\/www.schule-bewusstsein.com\/Wordpress\/#\/schema\/logo\/image\/","url":"https:\/\/mlrihigbn6vo.i.optimole.com\/w:auto\/h:auto\/q:mauto\/f:best\/ig:avif\/https:\/\/www.schule-bewusstsein.com\/Wordpress\/wp-content\/uploads\/2022\/02\/LOGO-Schule-bunt-e1644674888998.png","contentUrl":"https:\/\/mlrihigbn6vo.i.optimole.com\/w:auto\/h:auto\/q:mauto\/f:best\/ig:avif\/https:\/\/www.schule-bewusstsein.com\/Wordpress\/wp-content\/uploads\/2022\/02\/LOGO-Schule-bunt-e1644674888998.png","width":500,"height":500,"caption":"Wiener Schule f\u00fcr Bewusstsein"},"image":{"@id":"https:\/\/www.schule-bewusstsein.com\/Wordpress\/#\/schema\/logo\/image\/"}}]}},"_links":{"self":[{"href":"https:\/\/www.schule-bewusstsein.com\/Wordpress\/wp-json\/wp\/v2\/pages\/258","targetHints":{"allow":["GET"]}}],"collection":[{"href":"https:\/\/www.schule-bewusstsein.com\/Wordpress\/wp-json\/wp\/v2\/pages"}],"about":[{"href":"https:\/\/www.schule-bewusstsein.com\/Wordpress\/wp-json\/wp\/v2\/types\/page"}],"author":[{"embeddable":true,"href":"https:\/\/www.schule-bewusstsein.com\/Wordpress\/wp-json\/wp\/v2\/users\/1"}],"replies":[{"embeddable":true,"href":"https:\/\/www.schule-bewusstsein.com\/Wordpress\/wp-json\/wp\/v2\/comments?post=258"}],"version-history":[{"count":0,"href":"https:\/\/www.schule-bewusstsein.com\/Wordpress\/wp-json\/wp\/v2\/pages\/258\/revisions"}],"up":[{"embeddable":true,"href":"https:\/\/www.schule-bewusstsein.com\/Wordpress\/wp-json\/wp\/v2\/pages\/20"}],"wp:attachment":[{"href":"https:\/\/www.schule-bewusstsein.com\/Wordpress\/wp-json\/wp\/v2\/media?parent=258"}],"curies":[{"name":"wp","href":"https:\/\/api.w.org\/{rel}","templated":true}]}}