{"id":3,"date":"2021-03-07T16:15:53","date_gmt":"2021-03-07T15:15:53","guid":{"rendered":"https:\/\/www.schule-bewusstsein.com\/Wordpress\/datenschutzerklaerung\/"},"modified":"2021-04-30T21:42:22","modified_gmt":"2021-04-30T19:42:22","slug":"datenschutzerklaerung","status":"publish","type":"page","link":"https:\/\/www.schule-bewusstsein.com\/Wordpress\/datenschutzerklaerung\/","title":{"rendered":"Datenschutzerkl\u00e4rung"},"content":{"rendered":"\n<p>Wichtige Hinweise zu Datenschutz und Privacy Politics der Schule f\u00fcr Bewusstsein<\/p>\n\n\n\n<p>Der Schutz personenbezogener Daten und der sorgsame Umgang mit ihnen ist uns in der Schule f\u00fcr Bewusstsein ein permanentes und besonderes Anliegen. S\u00e4mtliche Daten werden nur intern verarbeitet und keinesfalls an Dritte weitergegeben. Sogenannte \u201esensible Daten\u201c werden \u00fcberhaupt nicht erhoben. Die Datensicherheit ist durch die Anwendung etablierter Standardma\u00dfnahmen gew\u00e4hrleistet.<\/p>\n\n\n\n<p>Wir verarbeiten Ihre Daten daher ausschlie\u00dflich auf Grundlage der gesetzlichen Bestimmungen (DSGVO, TKG 2003)<a href=\"https:\/\/www.schule-bewusstsein.com\/privacy-policy#_ftn1\">[1]<\/a>.<\/p>\n\n\n\n<p>In diesen Datenschutzinformationen informieren wir Sie \u00fcber die wichtigsten Aspekte der Datenverarbeitung im Rahmen unserer Website.<br>&nbsp;<\/p>\n\n\n\n<p><strong>Die Rechtsgrundlagen f\u00fcr die Verarbeitung von Daten im Rahmen der Schule f\u00fcr Bewusstsein sind<\/strong><\/p>\n\n\n\n<ul class=\"wp-block-list\"><li>einerseits die ausdr\u00fcckliche Einwilligung der Betroffenen, z.B. in Form einer eigenh\u00e4ndig unterschriebenen Teilnahmeanmeldung, oder eines Eintrags f\u00fcr das Newsletter-Abonnement, o.\u00e4.,<\/li><li>bzw. andererseits die Vertragserf\u00fcllung (z.B. Zugang zu Information betreffend die Veranstaltung der Schule f\u00fcr Bewusstsein).<\/li><\/ul>\n\n\n\n<p><strong>Speichern von Daten:<\/strong><\/p>\n\n\n\n<ol class=\"wp-block-list\" type=\"1\"><li><strong>Kontakt mit uns<\/strong><br>Wenn Sie per E-Mail Kontakt mit uns aufnehmen, werden Ihre angegebenen Daten zwecks Bearbeitung der Anfrage und f\u00fcr den Fall von Anschlussfragen sechs Monate bei uns gespeichert. Diese Daten geben wir nicht ohne Ihre Einwilligung weiter.<br>&nbsp;<\/li><li><strong>Teilnahme an Veranstaltungen<\/strong><br>Wenn Sie an einer kostenpflichtigen Veranstaltung der Schule&nbsp;f\u00fcr Bewusstsein teilnehmen, werden Ihre Daten f\u00fcr die Dauer von 3 Jahren gespeichert. Auch diese Daten geben wir nicht&nbsp;ohne Ihre Einwilligung weiter.<\/li><\/ol>\n\n\n\n<p><strong><br>Zu Art, Umfang und Zweck der Datenerhebung mu\u00df zwischen drei Personengruppen unterschieden werden:<\/strong><\/p>\n\n\n\n<ol class=\"wp-block-list\" type=\"1\"><li><strong>Teilnehmer:<\/strong><br>Die Art der von (zuk\u00fcnftigen) Teilnehmern anl\u00e4\u00dflich ihrer Anmeldung erhobenen Daten ist zun\u00e4chst aus dem Anmeldeformular, die von dieser Website heruntergeladen werden kann, ersichtlich; weiters werden vom Office der Schule f\u00fcr Bewusstsein auch die Daten \u00fcber Zahlungseing\u00e4nge, Zahlungsverkehr und Vereinbarungen zu Zahlungsbedingungen (z.B. Teilzahlungen) von Teilnahmegeb\u00fchren erfasst und verarbeitet. Der allf\u00e4llige Wunsch nach L\u00f6schung dieser personenbezogenen Daten kann in Fall einer Veranstaltungsteilnahme nur nach Beendigung der Teilnahme an jener Veranstaltung, f\u00fcr welche diese Daten erhoben wurden, erf\u00fcllt werden.<\/li><li><strong>Interessenten:<\/strong><br>Personen, die sich&nbsp;f\u00fcr die Aktivit\u00e4ten der Schule f\u00fcr Bewusstsein interessieren und daher w\u00fcnschen, \u00fcber unser Veranstaltungssprogramm informiert zu werden. Von diesem Personenkreis speichern wir ggf. Titel, Vorname und Familienname sowie Postadresse und\/oder e-mail-Adresse und\/oder Telefon. Selbstverst\u00e4ndlich haben die Betroffenen das Recht, die erteilte Einwilligung zum Bezug des Vortragsprogramms jederzeit zu widerrufen; dem allf\u00e4lligen Wunsch nach L\u00f6schung der personenbezogenen Daten wird seitens der Schule f\u00fcr Bewusstsein unverz\u00fcglich entsprochen.<\/li><li><strong>Abonnenten unseres Newsletters:<\/strong><br>Von diesem Personenkreis speichert die Schule f\u00fcr Bewusstsein nur Vorname, Familienname und e-mail-Adresse. Die Anmeldung zum Empfang des Newsletters erfolgt nunmehr ausschlie\u00dflich \u00fcber ein&nbsp;Webformular&nbsp;auf HOME in dieser Website; auch f\u00fcr diesen Personenkreis gilt das Recht auf jederzeitigen Widerruf der erteilte Einwilligung, d.h., Antrag (per e-mail an das Office der Schule f\u00fcr Bewusstsein \u00fcber KONTAKT) auf L\u00f6schung der personenbezogenen Daten, dem seitens der Schule f\u00fcr Bewusstsein unverz\u00fcglich entsprochen wird.<\/li><\/ol>\n\n\n\n<p><br><strong>Ihre Rechte<\/strong><br>Ihnen stehen grunds\u00e4tzlich die Rechte auf Auskunft, Berichtigung, L\u00f6schung, Einschr\u00e4nkung, Daten\u00fcbertragbarkeit, Widerruf und Widerspruch zu. Wenn Sie glauben, dass die Verarbeitung Ihrer Daten gegen das Datenschutzrecht verst\u00f6\u00dft oder Ihre datenschutzrechtlichen Anspr\u00fcche sonst in einer Weise verletzt worden sind, k\u00f6nnen Sie sich bei der Aufsichtsbeh\u00f6rde beschweren. In \u00d6sterreich ist dies die Datenschutzbeh\u00f6rde.<\/p>\n\n\n\n<p><strong>Cookies<\/strong><br>Unsere Website verwendet so genannte Cookies. Dabei handelt es sich um kleine Textdateien, die mit Hilfe des Browsers auf Ihrem Endger\u00e4t abgelegt werden. Sie richten keinen Schaden an. Wir nutzen Cookies dazu, unser Angebot nutzerfreundlich zu gestalten. Einige Cookies bleiben auf Ihrem Endger\u00e4t gespeichert, bis Sie diese l\u00f6schen. Sie erm\u00f6glichen es uns, Ihren Browser beim n\u00e4chsten Besuch wiederzuerkennen. Wenn Sie dies nicht w\u00fcnschen, so k\u00f6nnen Sie Ihren Browser so einrichten, dass er Sie \u00fcber das Setzen von Cookies informiert und Sie dies nur im Einzelfall erlauben. Bei der Deaktivierung von Cookies kann die Funktionalit\u00e4t unserer Website eingeschr\u00e4nkt sein.<\/p>\n\n\n\n<p><strong>Google Maps<\/strong><br>Diese Webseite verwendet Google Maps f\u00fcr die Darstellung von Karteninformationen. Bei der Nutzung von Google Maps werden von Google auch Daten \u00fcber die Nutzung der Maps-Funktionen durch Besucher der Webseiten erhoben, verarbeitet und genutzt. N\u00e4here Informationen \u00fcber die Datenverarbeitung durch Google k\u00f6nnen Sie den Datenschutzhinweisen von Google auf&nbsp;<a href=\"https:\/\/www.google.at\/intl\/de\/policies\/privacy\/\">https:\/\/www.google.at\/intl\/de\/policies\/privacy\/<\/a><br>entnehmen. Dort k\u00f6nnen Sie im Datenschutzcenter auch Ihre Einstellungen ver\u00e4ndern, so dass Sie Ihre Daten verwalten und sch\u00fctzen k\u00f6nnen.<\/p>\n\n\n\n<p><strong>reCAPTCHA<\/strong><br>We use the reCAPTCHA service provided by Google Inc. (Google) to protect your submissions via internet submission forms on this site. This plugin checks if you are a person in order to prevent certain website functions from being (ab)used by spam bots (particularly comments). This plugin query includes the sending of the IP address and possibly other data required by Google for the Google reCAPTCHA service. For this purpose your input will be communicated to and used by Google. However, your IP address is previously truncated by Google within member states of the European Union or in other states which are party to the agreement on the European Economic Area and is, as such, anonymized. Only in exceptional cases is a full IP address transmitted to a Google server in the United States and truncated there. On behalf of the operator of this website, Google will use this information to evaluate your use of this service. The IP address provided by reCaptcha from your browser shall not be merged with any other data from Google.<br>This data collection is subject to the data protection regulations of Google (Google Inc.). For more information about Google&#8217;s privacy policy, please visit:&nbsp;<a href=\"https:\/\/www.google.com\/intl\/de\/policies\/privacy\/\">https:\/\/www.google.com\/intl\/en\/policies\/privacy\/<\/a><br>By using the reCAPTCHA service, you consent to the processing of data about you by Google in the manner and for the purposes set out above.<\/p>\n\n\n\n<p>Wien, im April 2019<\/p>\n\n\n\n<p><a href=\"https:\/\/www.schule-bewusstsein.com\/privacy-policy#_ftnref1\"><br>[1]<\/a>&nbsp;Die Datenschutzgrundverordnung (DSGVO) ist per se nichts komplett Neues. So war bis dato bereits im Datenschutzgesetz 2000 relativ konkret festgehalten, unter welchen Bedingungen welche Daten f\u00fcr welche Zwecke erhoben und verarbeitet werden d\u00fcrfen. Diese Regelungen des Datenschutzgesetzes 2000 (DSG 2000), BGBl I Nr. 165\/1999 idF. BGBl. I Nr. 13\/2005 bzw. (bzgl. Versand des Newsletters) das TKG 2003 idF BGBl I Nr. 102\/2011 hat die Schule f\u00fcr Bewusstsein bisher genauestens befolgt und weiters auch die Richtlinien der ARGE Daten beachtet. Die DSGVO und das Datenschutz-Anpassungsgesetz 2018 versch\u00e4rften blo\u00df diese Regelungen und verpflichten die Verantwortlichen (jene Person\/Organisation, welche die Daten erhebt\/verarbeitet) auch zu transparenterer und nachvollziehbarerer Dokumentation der erhobenen Daten. Den Betroffenen (deren Daten verarbeitet werden) stehen grunds\u00e4tzlich die Rechte auf Auskunft, Berichtigung, L\u00f6schung, Einschr\u00e4nkung, Daten\u00fcbertragbarkeit, Widerruf und Widerspruch zu. Wenn jemand glaubt, da\u00df die Verarbeitung seiner Daten gegen das Datenschutzrecht verst\u00f6\u00dft oder datenschutzrechtliche Anspr\u00fcche sonst in irgendeiner Weise verletzt worden sind, kann dies bei der Aufsichtsbeh\u00f6rde gemeldet werden. In \u00d6sterreich ist dies nunmehr die&nbsp;<a href=\"http:\/\/www.dsb.gv.at\/\">Datenschutzbeh\u00f6rde<\/a>&nbsp;(Wickenburggasse 8, 1080 Wien), welche die Datenschutzkommission bzw. das Datenverarbeitungsregister abl\u00f6st. Mit der vorliegenden Erkl\u00e4rung kommt die Schule f\u00fcr Bewusstsein der in der DSGVO vorgesehenen Informationspflicht nach.<\/p>\n","protected":false},"excerpt":{"rendered":"<p>Wichtige Hinweise zu Datenschutz und Privacy Politics der Schule f\u00fcr Bewusstsein Der Schutz personenbezogener Daten und der sorgsame Umgang mit ihnen ist uns in der Schule f\u00fcr Bewusstsein ein permanentes und besonderes Anliegen. S\u00e4mtliche Daten werden nur intern verarbeitet und keinesfalls an Dritte weitergegeben. Sogenannte \u201esensible Daten\u201c werden \u00fcberhaupt nicht erhoben. Die Datensicherheit ist durch [&hellip;]<\/p>\n","protected":false},"author":1,"featured_media":0,"parent":0,"menu_order":0,"comment_status":"closed","ping_status":"open","template":"","meta":{"site-sidebar-layout":"default","site-content-layout":"default","ast-site-content-layout":"default","site-content-style":"default","site-sidebar-style":"default","ast-global-header-display":"","ast-banner-title-visibility":"","ast-main-header-display":"","ast-hfb-above-header-display":"","ast-hfb-below-header-display":"","ast-hfb-mobile-header-display":"","site-post-title":"","ast-breadcrumbs-content":"","ast-featured-img":"","footer-sml-layout":"","ast-disable-related-posts":"","theme-transparent-header-meta":"default","adv-header-id-meta":"","stick-header-meta":"","header-above-stick-meta":"","header-main-stick-meta":"","header-below-stick-meta":"","astra-migrate-meta-layouts":"default","ast-page-background-enabled":"default","ast-page-background-meta":{"desktop":{"background-color":"","background-image":"","background-repeat":"repeat","background-position":"center center","background-size":"auto","background-attachment":"scroll","background-type":"","background-media":"","overlay-type":"","overlay-color":"","overlay-opacity":"","overlay-gradient":""},"tablet":{"background-color":"","background-image":"","background-repeat":"repeat","background-position":"center center","background-size":"auto","background-attachment":"scroll","background-type":"","background-media":"","overlay-type":"","overlay-color":"","overlay-opacity":"","overlay-gradient":""},"mobile":{"background-color":"","background-image":"","background-repeat":"repeat","background-position":"center center","background-size":"auto","background-attachment":"scroll","background-type":"","background-media":"","overlay-type":"","overlay-color":"","overlay-opacity":"","overlay-gradient":""}},"ast-content-background-meta":{"desktop":{"background-color":"var(--ast-global-color-5)","background-image":"","background-repeat":"repeat","background-position":"center center","background-size":"auto","background-attachment":"scroll","background-type":"","background-media":"","overlay-type":"","overlay-color":"","overlay-opacity":"","overlay-gradient":""},"tablet":{"background-color":"var(--ast-global-color-5)","background-image":"","background-repeat":"repeat","background-position":"center center","background-size":"auto","background-attachment":"scroll","background-type":"","background-media":"","overlay-type":"","overlay-color":"","overlay-opacity":"","overlay-gradient":""},"mobile":{"background-color":"var(--ast-global-color-5)","background-image":"","background-repeat":"repeat","background-position":"center center","background-size":"auto","background-attachment":"scroll","background-type":"","background-media":"","overlay-type":"","overlay-color":"","overlay-opacity":"","overlay-gradient":""}},"footnotes":""},"class_list":["post-3","page","type-page","status-publish","hentry"],"yoast_head":"<!-- This site is optimized with the Yoast SEO plugin v27.5 - https:\/\/yoast.com\/product\/yoast-seo-wordpress\/ -->\n<title>Datenschutzerkl\u00e4rung - Wiener Schule f\u00fcr Bewusstsein<\/title>\n<meta name=\"robots\" content=\"index, follow, max-snippet:-1, max-image-preview:large, max-video-preview:-1\" \/>\n<link rel=\"canonical\" href=\"https:\/\/www.schule-bewusstsein.com\/Wordpress\/datenschutzerklaerung\/\" \/>\n<meta property=\"og:locale\" content=\"de_DE\" \/>\n<meta property=\"og:type\" content=\"article\" \/>\n<meta property=\"og:title\" content=\"Datenschutzerkl\u00e4rung - Wiener Schule f\u00fcr Bewusstsein\" \/>\n<meta property=\"og:description\" content=\"Wichtige Hinweise zu Datenschutz und Privacy Politics der Schule f\u00fcr Bewusstsein Der Schutz personenbezogener Daten und der sorgsame Umgang mit ihnen ist uns in der Schule f\u00fcr Bewusstsein ein permanentes und besonderes Anliegen. S\u00e4mtliche Daten werden nur intern verarbeitet und keinesfalls an Dritte weitergegeben. Sogenannte \u201esensible Daten\u201c werden \u00fcberhaupt nicht erhoben. Die Datensicherheit ist durch [&hellip;]\" \/>\n<meta property=\"og:url\" content=\"https:\/\/www.schule-bewusstsein.com\/Wordpress\/datenschutzerklaerung\/\" \/>\n<meta property=\"og:site_name\" content=\"Wiener Schule f\u00fcr Bewusstsein\" \/>\n<meta property=\"article:modified_time\" content=\"2021-04-30T19:42:22+00:00\" \/>\n<meta name=\"twitter:card\" content=\"summary_large_image\" \/>\n<meta name=\"twitter:label1\" content=\"Gesch\u00e4tzte Lesezeit\" \/>\n\t<meta name=\"twitter:data1\" content=\"5\u00a0Minuten\" \/>\n<script type=\"application\/ld+json\" class=\"yoast-schema-graph\">{\"@context\":\"https:\\\/\\\/schema.org\",\"@graph\":[{\"@type\":\"WebPage\",\"@id\":\"https:\\\/\\\/www.schule-bewusstsein.com\\\/Wordpress\\\/datenschutzerklaerung\\\/\",\"url\":\"https:\\\/\\\/www.schule-bewusstsein.com\\\/Wordpress\\\/datenschutzerklaerung\\\/\",\"name\":\"Datenschutzerkl\u00e4rung - Wiener Schule f\u00fcr Bewusstsein\",\"isPartOf\":{\"@id\":\"https:\\\/\\\/www.schule-bewusstsein.com\\\/Wordpress\\\/#website\"},\"datePublished\":\"2021-03-07T15:15:53+00:00\",\"dateModified\":\"2021-04-30T19:42:22+00:00\",\"breadcrumb\":{\"@id\":\"https:\\\/\\\/www.schule-bewusstsein.com\\\/Wordpress\\\/datenschutzerklaerung\\\/#breadcrumb\"},\"inLanguage\":\"de\",\"potentialAction\":[{\"@type\":\"ReadAction\",\"target\":[\"https:\\\/\\\/www.schule-bewusstsein.com\\\/Wordpress\\\/datenschutzerklaerung\\\/\"]}]},{\"@type\":\"BreadcrumbList\",\"@id\":\"https:\\\/\\\/www.schule-bewusstsein.com\\\/Wordpress\\\/datenschutzerklaerung\\\/#breadcrumb\",\"itemListElement\":[{\"@type\":\"ListItem\",\"position\":1,\"name\":\"Startseite\",\"item\":\"https:\\\/\\\/www.schule-bewusstsein.com\\\/Wordpress\\\/\"},{\"@type\":\"ListItem\",\"position\":2,\"name\":\"Datenschutzerkl\u00e4rung\"}]},{\"@type\":\"WebSite\",\"@id\":\"https:\\\/\\\/www.schule-bewusstsein.com\\\/Wordpress\\\/#website\",\"url\":\"https:\\\/\\\/www.schule-bewusstsein.com\\\/Wordpress\\\/\",\"name\":\"Wiener Schule f\u00fcr Bewusstsein\",\"description\":\"\",\"publisher\":{\"@id\":\"https:\\\/\\\/www.schule-bewusstsein.com\\\/Wordpress\\\/#organization\"},\"potentialAction\":[{\"@type\":\"SearchAction\",\"target\":{\"@type\":\"EntryPoint\",\"urlTemplate\":\"https:\\\/\\\/www.schule-bewusstsein.com\\\/Wordpress\\\/?s={search_term_string}\"},\"query-input\":{\"@type\":\"PropertyValueSpecification\",\"valueRequired\":true,\"valueName\":\"search_term_string\"}}],\"inLanguage\":\"de\"},{\"@type\":\"Organization\",\"@id\":\"https:\\\/\\\/www.schule-bewusstsein.com\\\/Wordpress\\\/#organization\",\"name\":\"Wiener Schule f\u00fcr Bewusstsein\",\"url\":\"https:\\\/\\\/www.schule-bewusstsein.com\\\/Wordpress\\\/\",\"logo\":{\"@type\":\"ImageObject\",\"inLanguage\":\"de\",\"@id\":\"https:\\\/\\\/www.schule-bewusstsein.com\\\/Wordpress\\\/#\\\/schema\\\/logo\\\/image\\\/\",\"url\":\"https:\\/\\/www.schule-bewusstsein.com\\/Wordpress\\/wp-content\\/uploads\\/2022\\/02\\/LOGO-Schule-bunt-e1644674888998.png\",\"contentUrl\":\"https:\\/\\/www.schule-bewusstsein.com\\/Wordpress\\/wp-content\\/uploads\\/2022\\/02\\/LOGO-Schule-bunt-e1644674888998.png\",\"width\":500,\"height\":500,\"caption\":\"Wiener Schule f\u00fcr Bewusstsein\"},\"image\":{\"@id\":\"https:\\\/\\\/www.schule-bewusstsein.com\\\/Wordpress\\\/#\\\/schema\\\/logo\\\/image\\\/\"}}]}<\/script>\n<!-- \/ Yoast SEO plugin. -->","yoast_head_json":{"title":"Datenschutzerkl\u00e4rung - Wiener Schule f\u00fcr Bewusstsein","robots":{"index":"index","follow":"follow","max-snippet":"max-snippet:-1","max-image-preview":"max-image-preview:large","max-video-preview":"max-video-preview:-1"},"canonical":"https:\/\/www.schule-bewusstsein.com\/Wordpress\/datenschutzerklaerung\/","og_locale":"de_DE","og_type":"article","og_title":"Datenschutzerkl\u00e4rung - Wiener Schule f\u00fcr Bewusstsein","og_description":"Wichtige Hinweise zu Datenschutz und Privacy Politics der Schule f\u00fcr Bewusstsein Der Schutz personenbezogener Daten und der sorgsame Umgang mit ihnen ist uns in der Schule f\u00fcr Bewusstsein ein permanentes und besonderes Anliegen. S\u00e4mtliche Daten werden nur intern verarbeitet und keinesfalls an Dritte weitergegeben. Sogenannte \u201esensible Daten\u201c werden \u00fcberhaupt nicht erhoben. Die Datensicherheit ist durch [&hellip;]","og_url":"https:\/\/www.schule-bewusstsein.com\/Wordpress\/datenschutzerklaerung\/","og_site_name":"Wiener Schule f\u00fcr Bewusstsein","article_modified_time":"2021-04-30T19:42:22+00:00","twitter_card":"summary_large_image","twitter_misc":{"Gesch\u00e4tzte Lesezeit":"5\u00a0Minuten"},"schema":{"@context":"https:\/\/schema.org","@graph":[{"@type":"WebPage","@id":"https:\/\/www.schule-bewusstsein.com\/Wordpress\/datenschutzerklaerung\/","url":"https:\/\/www.schule-bewusstsein.com\/Wordpress\/datenschutzerklaerung\/","name":"Datenschutzerkl\u00e4rung - Wiener Schule f\u00fcr Bewusstsein","isPartOf":{"@id":"https:\/\/www.schule-bewusstsein.com\/Wordpress\/#website"},"datePublished":"2021-03-07T15:15:53+00:00","dateModified":"2021-04-30T19:42:22+00:00","breadcrumb":{"@id":"https:\/\/www.schule-bewusstsein.com\/Wordpress\/datenschutzerklaerung\/#breadcrumb"},"inLanguage":"de","potentialAction":[{"@type":"ReadAction","target":["https:\/\/www.schule-bewusstsein.com\/Wordpress\/datenschutzerklaerung\/"]}]},{"@type":"BreadcrumbList","@id":"https:\/\/www.schule-bewusstsein.com\/Wordpress\/datenschutzerklaerung\/#breadcrumb","itemListElement":[{"@type":"ListItem","position":1,"name":"Startseite","item":"https:\/\/www.schule-bewusstsein.com\/Wordpress\/"},{"@type":"ListItem","position":2,"name":"Datenschutzerkl\u00e4rung"}]},{"@type":"WebSite","@id":"https:\/\/www.schule-bewusstsein.com\/Wordpress\/#website","url":"https:\/\/www.schule-bewusstsein.com\/Wordpress\/","name":"Wiener Schule f\u00fcr Bewusstsein","description":"","publisher":{"@id":"https:\/\/www.schule-bewusstsein.com\/Wordpress\/#organization"},"potentialAction":[{"@type":"SearchAction","target":{"@type":"EntryPoint","urlTemplate":"https:\/\/www.schule-bewusstsein.com\/Wordpress\/?s={search_term_string}"},"query-input":{"@type":"PropertyValueSpecification","valueRequired":true,"valueName":"search_term_string"}}],"inLanguage":"de"},{"@type":"Organization","@id":"https:\/\/www.schule-bewusstsein.com\/Wordpress\/#organization","name":"Wiener Schule f\u00fcr Bewusstsein","url":"https:\/\/www.schule-bewusstsein.com\/Wordpress\/","logo":{"@type":"ImageObject","inLanguage":"de","@id":"https:\/\/www.schule-bewusstsein.com\/Wordpress\/#\/schema\/logo\/image\/","url":"https:\/\/mlrihigbn6vo.i.optimole.com\/w:auto\/h:auto\/q:mauto\/f:best\/ig:avif\/https:\/\/www.schule-bewusstsein.com\/Wordpress\/wp-content\/uploads\/2022\/02\/LOGO-Schule-bunt-e1644674888998.png","contentUrl":"https:\/\/mlrihigbn6vo.i.optimole.com\/w:auto\/h:auto\/q:mauto\/f:best\/ig:avif\/https:\/\/www.schule-bewusstsein.com\/Wordpress\/wp-content\/uploads\/2022\/02\/LOGO-Schule-bunt-e1644674888998.png","width":500,"height":500,"caption":"Wiener Schule f\u00fcr Bewusstsein"},"image":{"@id":"https:\/\/www.schule-bewusstsein.com\/Wordpress\/#\/schema\/logo\/image\/"}}]}},"_links":{"self":[{"href":"https:\/\/www.schule-bewusstsein.com\/Wordpress\/wp-json\/wp\/v2\/pages\/3","targetHints":{"allow":["GET"]}}],"collection":[{"href":"https:\/\/www.schule-bewusstsein.com\/Wordpress\/wp-json\/wp\/v2\/pages"}],"about":[{"href":"https:\/\/www.schule-bewusstsein.com\/Wordpress\/wp-json\/wp\/v2\/types\/page"}],"author":[{"embeddable":true,"href":"https:\/\/www.schule-bewusstsein.com\/Wordpress\/wp-json\/wp\/v2\/users\/1"}],"replies":[{"embeddable":true,"href":"https:\/\/www.schule-bewusstsein.com\/Wordpress\/wp-json\/wp\/v2\/comments?post=3"}],"version-history":[{"count":0,"href":"https:\/\/www.schule-bewusstsein.com\/Wordpress\/wp-json\/wp\/v2\/pages\/3\/revisions"}],"wp:attachment":[{"href":"https:\/\/www.schule-bewusstsein.com\/Wordpress\/wp-json\/wp\/v2\/media?parent=3"}],"curies":[{"name":"wp","href":"https:\/\/api.w.org\/{rel}","templated":true}]}}